{"id":3229,"date":"2021-07-02T07:54:18","date_gmt":"2021-07-02T07:54:18","guid":{"rendered":"https:\/\/bionet.cat\/legal\/"},"modified":"2026-02-23T11:25:08","modified_gmt":"2026-02-23T11:25:08","slug":"legal","status":"publish","type":"page","link":"https:\/\/bionet.cat\/es\/legal\/","title":{"rendered":"Aviso Legal"},"content":{"rendered":"<section id=\"bt_bb_section69e74aa0f3bc0\" class=\"bt_bb_section bt_bb_layout_boxed_1200\"  data-bt-override-class=\"null\"><div class=\"bt_bb_port\"><div class=\"bt_bb_cell\"><div class=\"bt_bb_cell_inner\"><div class=\"bt_bb_row \"  data-bt-override-class=\"{}\"><div class=\"bt_bb_row_holder\" style=\"; 0\"><div  class=\"bt_bb_column col-xxl-12 col-xl-12 bt_bb_vertical_align_top bt_bb_align_left bt_bb_padding_normal\" style=\"; --column-width:12;\" data-width=\"12\" data-bt-override-class=\"{}\"><div class=\"bt_bb_column_content\"><div class=\"bt_bb_column_content_inner\"><div  class=\"bt_bb_text\" ><\/p>\n<p class=\"p2\"><b>LEY DE LOS SERVICIOS DE LA SOCIEDAD DE LA INFORMACI\u00d3N (LSSI)<\/b><\/p>\n<p>BIONET BIODIVERSITAT S.L., responsable del sitio web, en adelante BIONET, pone a disposici\u00f3n de las personas usuarias el presente documento, con el que pretende dar cumplimiento a las obligaciones dispuestas en la Ley 34\/2002, de 11 de julio, de Servicios de la Sociedad de la Informaci\u00f3n y de Comercio Electr\u00f3nico (LSSICE), BOE N \u00ba 166, as\u00ed como informar a todas las personas usuarias del sitio web respecto a cu\u00e1les son las condiciones de uso.<\/p>\n<p>Toda persona que acceda a este sitio web asume el papel de usuario, comprometi\u00e9ndose a la observancia y cumplimiento riguroso de las disposiciones aqu\u00ed dispuestas, as\u00ed como a cualquier otra disposici\u00f3n legal que fuera de aplicaci\u00f3n.<\/p>\n<p class=\"p3\">BIONET se reserva el derecho de modificar cualquier tipo de informaci\u00f3n que pudiera aparecer en el sitio web, sin que exista obligaci\u00f3n de preavisar o poner en conocimiento de las personas usuarias dichas obligaciones, entendi\u00e9ndose como suficiente con la publicaci\u00f3n en el sitio web de BIONET.<\/p>\n<p><b>1. DATOS IDENTIFICATIVOS<\/b><\/p>\n<p><span lang=\"ES\">Nombre de dominio: www.bionet.cat<br \/>\nNombre comercial: BIONET<br \/>\nDenominaci\u00f3n social: BIONET BIODIVERSITAT S.L.<br \/>\nNIF: B26690271<br \/>\nDomicilio social: Finca el Maci\u00e0, s\/n, Les Masies de Roda (Barcelona)<br \/>\nTel\u00e9fono: 938 500 411<br \/>\nE-mail: bionet@bionet.cat<br \/>\nInscrita en el Registro (Mercantil \/ P\u00fablico): Registro Mercantil de Barcelona, Tomo 4.339, Folio 169, Hoja n\u00ba B-45.967<\/span><\/p>\n<p class=\"p4\"><b>2. DERECHOS DE PROPIEDAD INTELECTUAL E INDUSTRIAL<\/b><\/p>\n<p><span lang=\"ES\">El sitio web, incluyendo a t\u00edtulo enunciativo, pero no limitativo su programaci\u00f3n, edici\u00f3n, compilaci\u00f3n y dem\u00e1s elementos necesarios para su funcionamiento, los dise\u00f1os, logotipos, texto y\/o gr\u00e1ficos, son propiedad de BIONET, o, si es el caso, dispone de licencia o autorizaci\u00f3n expresa por parte de la persona autora. Todos los contenidos del sitio web se encuentran debidamente protegidos por la normativa de propiedad intelectual e industrial, as\u00ed como inscritos en los registros p\u00fablicos correspondientes.<\/span><\/p>\n<p><span lang=\"ES\">Independientemente de la finalidad para la que fueran destinados, la reproducci\u00f3n total o parcial, uso, explotaci\u00f3n, distribuci\u00f3n y comercializaci\u00f3n, requiere en todo caso de la autorizaci\u00f3n escrita previa por parte de BIONET. Cualquier uso no autorizado previamente se considera un incumplimiento grave de los derechos de propiedad intelectual o industrial de la persona autora.<\/span><\/p>\n<p><span lang=\"ES\">Los dise\u00f1os, logotipos, texto y\/o gr\u00e1ficos ajenos a BIONET y que pudieran aparecer en el sitio web, pertenecen a sus respectivas personas propietarias, siendo ellas mismas responsables de cualquier posible controversia que pudiera suscitarse respecto a los mismos. BIONET autoriza expresamente a que terceras personas puedan redirigir directamente a los contenidos concretos del sitio web, y en todo caso redirigir al sitio web principal de www.bionet.cat.<\/span><\/p>\n<p><span lang=\"ES\">BIONET reconoce a favor de sus titulares los correspondientes derechos de propiedad intelectual e industrial, no implicando su sola menci\u00f3n o aparici\u00f3n en el sitio web la existencia de derechos o responsabilidad alguna sobre los mismos, como tampoco respaldo, patrocinio o recomendaci\u00f3n por parte del mismo.<\/span><\/p>\n<p>Para realizar cualquier tipo de observaci\u00f3n respecto a posibles incumplimientos de los derechos de propiedad intelectual o industrial, as\u00ed como sobre cualquiera de los contenidos del sitio web, puede hacerlo a trav\u00e9s del correo electr\u00f3nico dades@bionet.cat.<\/p>\n<p class=\"p4\"><b>3. EXENCI\u00d3N DE RESPONSABILIDADES<\/b><\/p>\n<p><span lang=\"ES\">BIONET se exime de cualquier tipo de responsabilidad derivada de la informaci\u00f3n publicada en su sitio web siempre que esta informaci\u00f3n haya sido manipulada o introducida por una tercera persona ajena al mismo.<\/span><\/p>\n<p class=\"p4\"><b>Uso de Cookies<\/b><\/p>\n<p><span lang=\"ES\">Este sitio web puede utilizar cookies t\u00e9cnicas (peque\u00f1os archivos de informaci\u00f3n que el servidor env\u00eda al ordenador de quien accede a la p\u00e1gina) para llevar a cabo determinadas funciones que son consideradas imprescindibles para el correcto funcionamiento y visualizaci\u00f3n del sitio. Las cookies utilizadas tienen, en todo caso, car\u00e1cter temporal, con la \u00fanica finalidad de hacer m\u00e1s eficaz la navegaci\u00f3n, y desaparecen al terminar la sesi\u00f3n de la persona usuaria. En ning\u00fan caso, estas cookies proporcionan por s\u00ed mismas datos de car\u00e1cter personal y no se utilizar\u00e1n para la recogida de los mismos.<\/span><\/p>\n<p class=\"p3\">Mediante el uso de cookies tambi\u00e9n es posible que el servidor donde se encuentra la web reconozca el navegador utilizado por la persona usuaria con la finalidad de que la navegaci\u00f3n sea m\u00e1s sencilla, permitiendo, por ejemplo, el acceso de personas usuarias que se hayan registrado previamente a las \u00e1reas, servicios, promociones o concursos reservados exclusivamente a ellas sin tener que registrarse en cada visita. Tambi\u00e9n se pueden utilizar para medir la audiencia, par\u00e1metros de tr\u00e1fico, controlar el progreso y n\u00famero de entradas, etc., siendo en estos casos cookies prescindibles t\u00e9cnicamente, pero beneficiosas para la persona usuaria. Este sitio web no instalar\u00e1 cookies prescindibles sin el consentimiento previo de la persona usuaria.<\/p>\n<p>La persona usuaria tiene la posibilidad de configurar su navegador para ser alertada de la recepci\u00f3n de cookies y para impedir su instalaci\u00f3n en su equipo. Por favor, consulte las instrucciones de su navegador para ampliar esta informaci\u00f3n.<\/p>\n<p><b>Pol\u00edtica de enlaces<\/b><\/p>\n<p><span lang=\"ES\">Desde el sitio web, es posible que se redirija a contenidos de terceros sitios web. Dado que BIONET no puede controlar siempre los contenidos introducidos por terceros en sus respectivos sitios web, no asume ning\u00fan tipo de responsabilidad respecto a dichos contenidos. En todo caso, proceder\u00e1 a la retirada inmediata de cualquier contenido que pudiera contravenir la legislaci\u00f3n nacional o internacional, la moral o el orden p\u00fablico, procediendo a la retirada inmediata de la redirecci\u00f3n a dicho sitio web, poniendo en conocimiento de las autoridades competentes el contenido en cuesti\u00f3n.<\/span><\/p>\n<p><span lang=\"ES\">BIONET no se hace responsable de la informaci\u00f3n y contenidos almacenados, a t\u00edtulo enunciativo, pero no limitativo, en foros, chats, generadores de blogs, comentarios, redes sociales o cualquier otro medio que permita a terceras personas publicar contenidos de forma independiente en la p\u00e1gina web de BIONET. Sin embargo, y en cumplimiento de lo dispuesto en los art\u00edculos 11 y 16 de la LSSICE, se pone a disposici\u00f3n de todas las personas usuarias, autoridades y fuerzas de seguridad, colaborando de forma activa en la retirada o, en su caso, bloqueo de todos aquellos contenidos que puedan afectar o contravenir la legislaci\u00f3n nacional o internacional, los derechos de terceras personas o la moral y el orden p\u00fablico. En caso de que la persona usuaria considere que existe en el sitio web alg\u00fan contenido que pudiera ser susceptible de esta clasificaci\u00f3n, se ruega lo notifique de forma inmediata a la persona administradora del sitio web.<\/span><\/p>\n<p><span lang=\"ES\">Este sitio web ha sido revisado y probado para que funcione correctamente. En principio, puede garantizarse el correcto funcionamiento los 365 d\u00edas del a\u00f1o, 24 horas al d\u00eda. Sin embargo, BIONET no descarta la posibilidad de que existan ciertos errores de programaci\u00f3n, o que acontezcan causas de fuerza mayor, cat\u00e1strofes naturales, huelgas o circunstancias semejantes que hagan imposible el acceso a la p\u00e1gina web.<\/span><\/p>\n<p class=\"p4\"><b>Direcciones IP<\/b><\/p>\n<p><span lang=\"ES\">Los servidores del sitio web podr\u00e1n detectar de manera autom\u00e1tica la direcci\u00f3n IP y el nombre de dominio utilizados por la persona usuaria. Una direcci\u00f3n IP es un n\u00famero asignado autom\u00e1ticamente a un ordenador cuando \u00e9ste se conecta a Internet. Toda esta informaci\u00f3n es registrada en un fichero de actividad del servidor debidamente inscrito que permite el posterior procesamiento de los datos con el fin de obtener mediciones \u00fanicamente estad\u00edsticas que permitan conocer el n\u00famero de impresiones de p\u00e1ginas, el n\u00famero de visitas realizadas a los servidores web, el orden de visitas, el punto de acceso, etc.<\/span><\/p>\n<p class=\"p4\"><b>4. LEY APLICABLE Y JURISDICCI\u00d3N<\/b><\/p>\n<p class=\"p3\">La ley aplicable en caso de disputa o conflicto de interpretaci\u00f3n de los t\u00e9rminos que conforman los textos legales, as\u00ed como cualquier cuesti\u00f3n relacionada con los servicios de la presente web, ser\u00e1 la ley espa\u00f1ola.<\/p>\n<p><i>\u00daltima actualizaci\u00f3n: 15\/01\/2025<\/i><\/p>\n<p>\n<\/div><\/div><\/div><\/div><\/div><\/div><\/div><!-- cell_inner --><\/div><!-- cell --><\/div><!-- port --><\/section>\n","protected":false},"excerpt":{"rendered":"","protected":false},"author":6,"featured_media":0,"parent":0,"menu_order":0,"comment_status":"closed","ping_status":"closed","template":"","meta":{"footnotes":""},"class_list":["post-3229","page","type-page","status-publish","hentry"],"_links":{"self":[{"href":"https:\/\/bionet.cat\/es\/wp-json\/wp\/v2\/pages\/3229","targetHints":{"allow":["GET"]}}],"collection":[{"href":"https:\/\/bionet.cat\/es\/wp-json\/wp\/v2\/pages"}],"about":[{"href":"https:\/\/bionet.cat\/es\/wp-json\/wp\/v2\/types\/page"}],"author":[{"embeddable":true,"href":"https:\/\/bionet.cat\/es\/wp-json\/wp\/v2\/users\/6"}],"replies":[{"embeddable":true,"href":"https:\/\/bionet.cat\/es\/wp-json\/wp\/v2\/comments?post=3229"}],"version-history":[{"count":9,"href":"https:\/\/bionet.cat\/es\/wp-json\/wp\/v2\/pages\/3229\/revisions"}],"predecessor-version":[{"id":4132,"href":"https:\/\/bionet.cat\/es\/wp-json\/wp\/v2\/pages\/3229\/revisions\/4132"}],"wp:attachment":[{"href":"https:\/\/bionet.cat\/es\/wp-json\/wp\/v2\/media?parent=3229"}],"curies":[{"name":"wp","href":"https:\/\/api.w.org\/{rel}","templated":true}]}}