{"id":3237,"date":"2021-03-30T10:19:51","date_gmt":"2021-03-30T10:19:51","guid":{"rendered":"https:\/\/bionet.cat\/gestio-residus\/"},"modified":"2025-03-11T12:18:19","modified_gmt":"2025-03-11T12:18:19","slug":"gestion-residuos","status":"publish","type":"page","link":"https:\/\/bionet.cat\/es\/gestion-residuos\/","title":{"rendered":"Gesti\u00f3n de residuos"},"content":{"rendered":"<p><section id=\"bt_bb_section69d56e1c5dbe7\" class=\"bt_bb_section bt_bb_layout_boxed_1200 bt_bb_vertical_align_top bt_bb_bottom_section_coverage_image bt_bb_section_with_bottom_coverage_image bt_bb_section_show_left_boxed_content\" style=\"background-position:left center;background-size:contain;\" data-bt-override-class=\"null\"><div class=\"bt_bb_background_image_holder_wrapper\"><div class=\"bt_bb_background_image_holder btLazyLoadBackground\"  data-background_image_src=\"https:\/\/bionet.cat\/wp-content\/uploads\/2020\/05\/background1_1-5-scaled.jpg\" data-parallax-zoom-start=\"1\" data-parallax-zoom-end=\"1\" data-parallax-blur-start=\"0\" data-parallax-blur-end=\"0\" data-parallax-opacity-start=\"1\" data-parallax-opacity-end=\"1\" style=\" background-image: url(&#039;https:\/\/bionet.cat\/wp-content\/plugins\/bold-page-builder\/img\/blank.gif&#039;);\"><\/div><\/div><div class=\"bt_bb_port\"><div class=\"bt_bb_cell\"><div class=\"bt_bb_cell_inner\"><div class=\"bt_bb_row \"  data-bt-override-class=\"{}\"><div class=\"bt_bb_row_holder\" style=\"; 0\"><div  class=\"bt_bb_column col-xxl-6 col-xl-6 bt_bb_vertical_align_top bt_bb_align_left bt_bb_padding_double bt_bb_animation_fade_in animate\" style=\"; --column-width:6;\" data-width=\"6\" data-bt-override-class=\"{}\"><div class=\"bt_bb_column_content\"><div class=\"bt_bb_column_content_inner\"><div class=\"bt_bb_separator bt_bb_border_style_none bt_bb_bottom_spacing_medium bt_bb_hidden_md bt_bb_hidden_lg\" data-bt-override-class=\"null\"><\/div><div class=\"bt_bb_separator bt_bb_border_style_none bt_bb_bottom_spacing_large bt_bb_hidden_xs bt_bb_hidden_ms bt_bb_hidden_sm\" data-bt-override-class=\"null\"><\/div><header data-bb-version=\"5.2.6\" class=\"bt_bb_headline bt_bb_dash_top bt_bb_superheadline bt_bb_subheadline bt_bb_size_large bt_bb_align_inherit\" data-bt-override-class=\"{&quot;bt_bb_size_&quot;:{&quot;current_class&quot;:&quot;bt_bb_size_large&quot;,&quot;def&quot;:&quot;large&quot;},&quot;bt_bb_align_&quot;:{&quot;current_class&quot;:&quot;bt_bb_align_inherit&quot;,&quot;def&quot;:&quot;inherit&quot;},&quot;bt_bb_animation_&quot;:{&quot;current_class&quot;:&quot;bt_bb_animation_no_animation&quot;,&quot;def&quot;:&quot;no_animation&quot;}}\"><h2 class=\"bt_bb_headline_tag\"><span class=\"bt_bb_headline_superheadline\">NUESTRA FILOSOFIA<\/span><span class=\"bt_bb_headline_content\"><span><u>Gesti\u00f3n de<\/u><br \/><br \/>\n<b>residuos<\/b><\/span><\/span><\/h2><div class=\"bt_bb_headline_subheadline\">Bionet es una empresa con 15 a\u00f1os de experiencia en la gesti\u00f3n de residuos, que ofrece un servicio que va m\u00e1s all\u00e1 de una simple recogida de residuos y transporte hasta la planta de tratamiento.<\/p><br \/>\n<p>Se procura que la gesti\u00f3n de residuos no interfiera en la actividad principal del cliente, asesorando a que se cumpla la legislaci\u00f3n de la forma m\u00e1s rentable posible, realizando los tr\u00e1mites a la Agencia de Residuos.<\/p><br \/>\n<p>Esta gesti\u00f3n global es una fuente de tranquilidad, rentabilidad y seguridad para las empresas que conf\u00edan en nosotros.<\/div><\/header><div class=\"bt_bb_separator bt_bb_border_style_solid bt_bb_top_spacing_normal bt_bb_bottom_spacing_normal\" style=\"; border-width: 2px\" data-bt-override-class=\"null\"><\/div><div class=\"bt_bb_separator bt_bb_border_style_none bt_bb_bottom_spacing_large bt_bb_hidden_xs bt_bb_hidden_ms bt_bb_hidden_sm\" data-bt-override-class=\"null\"><\/div><\/div><\/div><\/div><div  class=\"bt_bb_column col-xxl-6 col-xl-6 bt_bb_vertical_align_top bt_bb_align_left btLazyLoadBackground bt_bb_column_background_image bt_bb_padding_normal bt_bb_mobile_align_to_both_edge\" style=\"background-image:url(&#039;https:\/\/bionet.cat\/wp-content\/plugins\/bold-page-builder\/img\/blank.gif&#039;);; --column-width:6;\" data-background_image_src='https:\/\/bionet.cat\/wp-content\/uploads\/2021\/03\/Residus.jpg' data-width=\"6\" data-bt-override-class=\"{}\"><div class=\"bt_bb_column_content\"><div class=\"bt_bb_column_content_inner\"><div class=\"bt_bb_separator bt_bb_border_style_none bt_bb_top_spacing_extra_large bt_bb_bottom_spacing_extra_large\" data-bt-override-class=\"null\"><\/div><div class=\"bt_bb_separator bt_bb_border_style_none bt_bb_top_spacing_extra_large bt_bb_bottom_spacing_extra_large\" data-bt-override-class=\"null\"><\/div><\/div><\/div><\/div><\/div><\/div><\/div><!-- cell_inner --><\/div><!-- cell --><\/div><!-- port --><div class=\"bt_bb_section_bottom_section_coverage_image\"><img decoding=\"async\" src=\"https:\/\/bionet.cat\/wp-content\/uploads\/2019\/04\/bgn-quotes-bottom.png\" alt=\"bt_bb_section_bottom_section_coverage_image\" \/><\/div><\/section><section id=\"bt_bb_section69d56e1c5e694\" class=\"bt_bb_section bt_bb_layout_boxed_1200 bt_bb_vertical_align_top bt_bb_bottom_section_coverage_image bt_bb_section_with_bottom_coverage_image bt_bb_top_spacing_medium bt_bb_bottom_spacing_large\" style=\";background-color:#f5f5f5;\" data-bt-override-class=\"null\"><div class=\"bt_bb_port\"><div class=\"bt_bb_cell\"><div class=\"bt_bb_cell_inner\"><div class=\"bt_bb_row \"  data-bt-override-class=\"{}\"><div class=\"bt_bb_row_holder\" style=\"; 0\"><div  class=\"bt_bb_column col-xxl-6 col-xl-6 bt_bb_vertical_align_top bt_bb_align_left bt_bb_padding_normal bt_bb_animation_fade_in move_up animate\" style=\"; --column-width:6;\" data-width=\"6\" data-bt-override-class=\"{}\"><div class=\"bt_bb_column_content\"><div class=\"bt_bb_column_content_inner\"><div class=\"bt_bb_separator bt_bb_border_style_none bt_bb_bottom_spacing_normal bt_bb_hidden_md bt_bb_hidden_lg\" data-bt-override-class=\"null\"><\/div><header class=\"bt_bb_headline bt_bb_dash_top bt_bb_subheadline bt_bb_size_large bt_bb_align_inherit\" data-bt-override-class=\"{}\"><h2 class=\"bt_bb_headline_tag\"><span class=\"bt_bb_headline_content\"><span><u>Nuestra<\/u><br \/><br \/>\n<b>flota<\/b> <\/span><\/span><\/h2><div class=\"bt_bb_headline_subheadline\">- Transportista autorizado por la ARC con c\u00f3digo T-1654<\/p><br \/>\n<p>- Disponemos de una flota de veh\u00edculos que funcionan con gas (GLP)<\/p><br \/>\n<p>- Los transportistas disponen de los carnets ADR pertinentes<\/p><br \/>\n<p>- Contamos con una flota de m\u00e1s de 10 veh\u00edculos autorizados para el transporte de residuos.<\/p><br \/>\n<p>- Trabajamos en toda Catalu\u00f1a y estamos en proceso de expansi\u00f3n en otras comunidades aut\u00f3nomas.<\/div><\/header><div class=\"bt_bb_separator bt_bb_border_style_none bt_bb_bottom_spacing_medium\" data-bt-override-class=\"null\"><\/div><\/div><\/div><\/div><div  class=\"bt_bb_column col-xxl-6 col-xl-6 bt_bb_vertical_align_top bt_bb_align_left bt_bb_padding_normal\" style=\"; --column-width:6;\" data-width=\"6\" data-bt-override-class=\"{}\"><div class=\"bt_bb_column_content\"><div class=\"bt_bb_column_content_inner\"><div class=\"bt_bb_image bt_bb_shape_square bt_bb_target_self bt_bb_align_inherit bt_bb_hover_style_simple bt_bb_content_display_always bt_bb_content_align_middle\" data-bt-override-class=\"{}\"><span><img loading=\"lazy\" decoding=\"async\" width=\"1181\" height=\"1181\" src=\"https:\/\/bionet.cat\/wp-content\/uploads\/2021\/06\/MANERA_FER_FLOTA.png\" class=\"attachment-full size-full\" alt=\"https:\/\/bionet.cat\/wp-content\/uploads\/2021\/06\/MANERA_FER_FLOTA.png\" data-full_image_src=\"https:\/\/bionet.cat\/wp-content\/uploads\/2021\/06\/MANERA_FER_FLOTA.png\" title=\"MANERA_FER_FLOTA\" srcset=\"https:\/\/bionet.cat\/wp-content\/uploads\/2021\/06\/MANERA_FER_FLOTA.png 1181w, https:\/\/bionet.cat\/wp-content\/uploads\/2021\/06\/MANERA_FER_FLOTA-640x640.png 640w, https:\/\/bionet.cat\/wp-content\/uploads\/2021\/06\/MANERA_FER_FLOTA-160x160.png 160w, https:\/\/bionet.cat\/wp-content\/uploads\/2021\/06\/MANERA_FER_FLOTA-768x768.png 768w, https:\/\/bionet.cat\/wp-content\/uploads\/2021\/06\/MANERA_FER_FLOTA-320x320.png 320w\" sizes=\"auto, (max-width: 1181px) 100vw, 1181px\" \/><\/span><\/div><\/div><\/div><\/div><\/div><\/div><div class=\"bt_bb_row \"  data-bt-override-class=\"{}\"><div class=\"bt_bb_row_holder\" style=\"; 0\"><div  class=\"bt_bb_column col-xxl-6 col-xl-6 bt_bb_vertical_align_top bt_bb_align_left bt_bb_padding_normal\" style=\"; --column-width:6;\" data-width=\"6\" data-bt-override-class=\"{}\"><div class=\"bt_bb_column_content\"><div class=\"bt_bb_column_content_inner\"><div class=\"bt_bb_image bt_bb_shape_square bt_bb_target_self bt_bb_align_inherit bt_bb_hover_style_simple bt_bb_content_display_always bt_bb_content_align_middle\" data-bt-override-class=\"{}\"><span><img loading=\"lazy\" decoding=\"async\" width=\"886\" height=\"886\" src=\"https:\/\/bionet.cat\/wp-content\/uploads\/2021\/05\/MANERA_FER_INSTALACIONS.png\" class=\"attachment-full size-full\" alt=\"https:\/\/bionet.cat\/wp-content\/uploads\/2021\/05\/MANERA_FER_INSTALACIONS.png\" data-full_image_src=\"https:\/\/bionet.cat\/wp-content\/uploads\/2021\/05\/MANERA_FER_INSTALACIONS.png\" title=\"MANERA_FER_INSTALACIONS\" srcset=\"https:\/\/bionet.cat\/wp-content\/uploads\/2021\/05\/MANERA_FER_INSTALACIONS.png 886w, https:\/\/bionet.cat\/wp-content\/uploads\/2021\/05\/MANERA_FER_INSTALACIONS-640x640.png 640w, https:\/\/bionet.cat\/wp-content\/uploads\/2021\/05\/MANERA_FER_INSTALACIONS-160x160.png 160w, https:\/\/bionet.cat\/wp-content\/uploads\/2021\/05\/MANERA_FER_INSTALACIONS-768x768.png 768w, https:\/\/bionet.cat\/wp-content\/uploads\/2021\/05\/MANERA_FER_INSTALACIONS-320x320.png 320w\" sizes=\"auto, (max-width: 886px) 100vw, 886px\" \/><\/span><\/div><\/div><\/div><\/div><div  class=\"bt_bb_column col-xxl-6 col-xl-6 bt_bb_vertical_align_top bt_bb_align_left bt_bb_padding_normal bt_bb_animation_fade_in move_up animate\" style=\"; --column-width:6;\" data-width=\"6\" data-bt-override-class=\"{}\"><div class=\"bt_bb_column_content\"><div class=\"bt_bb_column_content_inner\"><div class=\"bt_bb_separator bt_bb_border_style_none bt_bb_bottom_spacing_normal bt_bb_hidden_md bt_bb_hidden_lg\" data-bt-override-class=\"null\"><\/div><header class=\"bt_bb_headline bt_bb_dash_top bt_bb_subheadline bt_bb_size_large bt_bb_align_inherit\" data-bt-override-class=\"{}\"><h2 class=\"bt_bb_headline_tag\"><span class=\"bt_bb_headline_content\"><span><u>Nuestras<\/u><br \/><br \/>\n<b>instalaciones<\/b> <\/span><\/span><\/h2><div class=\"bt_bb_headline_subheadline\">Gestor autorizado por la ARC con c\u00f3digo E-1394.13<\/p><br \/>\n<p>Disponemos de un Centro de Recogida y Transferencia de residuos cubierto de 5.000m2 en la comarca de Osona.<\/p><br \/>\n<p>Trabajamos con todo tipo de gestores finales autorizados, garantizando siempre el mejor destino de los residuos, a nivel econ\u00f3mico y de gesti\u00f3n.<\/p><br \/>\n<p>Cuidamos el impacto de nuestras instalaciones realizando proyectos de conservaci\u00f3n de la biodiversidad y acciones de sostenibilidad ambiental.<\/div><\/header><div class=\"bt_bb_separator bt_bb_border_style_none bt_bb_bottom_spacing_medium\" data-bt-override-class=\"null\"><\/div><\/div><\/div><\/div><\/div><\/div><div class=\"bt_bb_row \"  data-bt-override-class=\"{}\"><div class=\"bt_bb_row_holder\" style=\"; 0\"><div  class=\"bt_bb_column col-xxl-6 col-xl-6 bt_bb_vertical_align_top bt_bb_align_left bt_bb_padding_normal bt_bb_animation_fade_in move_up animate\" style=\"; --column-width:6;\" data-width=\"6\" data-bt-override-class=\"{}\"><div class=\"bt_bb_column_content\"><div class=\"bt_bb_column_content_inner\"><div class=\"bt_bb_separator bt_bb_border_style_none bt_bb_bottom_spacing_normal bt_bb_hidden_md bt_bb_hidden_lg\" data-bt-override-class=\"null\"><\/div><header class=\"bt_bb_headline bt_bb_dash_top bt_bb_subheadline bt_bb_size_large bt_bb_align_inherit\" data-bt-override-class=\"{}\"><h2 class=\"bt_bb_headline_tag\"><span class=\"bt_bb_headline_content\"><span><u>Nuestra forma<\/u><br \/><br \/>\n<b>de trabajar<\/b> <\/span><\/span><\/h2><div class=\"bt_bb_headline_subheadline\">- Trabajamos siempre con contenedores homologados para cada tipo de residuo, adaptando los vol\u00famenes de \u00e9stos a las necesidades de producci\u00f3n de cada centro.<\/p><br \/>\n<p>- Nuestro personal t\u00e9cnico est\u00e1 formado y capacitado para resolver consultas sobre procedimientos y v\u00edas de gesti\u00f3n.<\/p><br \/>\n<p>- Damos atenci\u00f3n telef\u00f3nica personalizada y posibilidad de solicitar nuestros servicios v\u00eda online 24 horas.<\/p><br \/>\n<p>- Estamos comprometidos con la calidad y sostenibilidad, y disponemos de la certificaci\u00f3n ISO 9001:2015 y de la ISO 14001:2015<\/div><\/header><div class=\"bt_bb_separator bt_bb_border_style_none bt_bb_bottom_spacing_medium\" data-bt-override-class=\"null\"><\/div><\/div><\/div><\/div><div  class=\"bt_bb_column col-xxl-6 col-xl-6 bt_bb_vertical_align_top bt_bb_align_left bt_bb_padding_normal\" style=\"; --column-width:6;\" data-width=\"6\" data-bt-override-class=\"{}\"><div class=\"bt_bb_column_content\"><div class=\"bt_bb_column_content_inner\"><div class=\"bt_bb_image bt_bb_shape_square bt_bb_target_self bt_bb_align_inherit bt_bb_hover_style_simple bt_bb_content_display_always bt_bb_content_align_middle\" data-bt-override-class=\"{}\"><span><img loading=\"lazy\" decoding=\"async\" width=\"886\" height=\"886\" src=\"https:\/\/bionet.cat\/wp-content\/uploads\/2021\/05\/MANERA_FER_ISO.png\" class=\"attachment-full size-full\" alt=\"https:\/\/bionet.cat\/wp-content\/uploads\/2021\/05\/MANERA_FER_ISO.png\" data-full_image_src=\"https:\/\/bionet.cat\/wp-content\/uploads\/2021\/05\/MANERA_FER_ISO.png\" title=\"MANERA_FER_ISO\" srcset=\"https:\/\/bionet.cat\/wp-content\/uploads\/2021\/05\/MANERA_FER_ISO.png 886w, https:\/\/bionet.cat\/wp-content\/uploads\/2021\/05\/MANERA_FER_ISO-640x640.png 640w, https:\/\/bionet.cat\/wp-content\/uploads\/2021\/05\/MANERA_FER_ISO-160x160.png 160w, https:\/\/bionet.cat\/wp-content\/uploads\/2021\/05\/MANERA_FER_ISO-768x768.png 768w, https:\/\/bionet.cat\/wp-content\/uploads\/2021\/05\/MANERA_FER_ISO-320x320.png 320w\" sizes=\"auto, (max-width: 886px) 100vw, 886px\" \/><\/span><\/div><\/div><\/div><\/div><\/div><\/div><div class=\"bt_bb_row \"  data-bt-override-class=\"{}\"><div class=\"bt_bb_row_holder\" style=\"; 0\"><\/div><\/div><\/div><!-- cell_inner --><\/div><!-- cell --><\/div><!-- port --><div class=\"bt_bb_section_bottom_section_coverage_image\"><img decoding=\"async\" src=\"https:\/\/bionet.cat\/wp-content\/uploads\/2019\/04\/bgn-triangle-bottom-2.png\" alt=\"bt_bb_section_bottom_section_coverage_image\" \/><\/div><\/section><section id=\"bt_bb_section69d56e1c5fb30\" class=\"bt_bb_section bt_bb_layout_boxed_1200 bt_bb_vertical_align_top bt_bb_top_spacing_medium bt_bb_bottom_spacing_large\"  data-bt-override-class=\"null\"><div class=\"bt_bb_port\"><div class=\"bt_bb_cell\"><div class=\"bt_bb_cell_inner\"><div class=\"bt_bb_row \"  data-bt-override-class=\"{}\"><div class=\"bt_bb_row_holder\" style=\"; 0\"><div  class=\"bt_bb_column col-xxl-6 col-xl-6 bt_bb_vertical_align_top bt_bb_align_left bt_bb_padding_normal bt_bb_animation_fade_in move_up animate\" style=\"; --column-width:6;\" data-width=\"6\" data-bt-override-class=\"{}\"><div class=\"bt_bb_column_content\"><div class=\"bt_bb_column_content_inner\"><div class=\"bt_bb_separator bt_bb_border_style_none bt_bb_bottom_spacing_normal bt_bb_hidden_md bt_bb_hidden_lg\" data-bt-override-class=\"null\"><\/div><header class=\"bt_bb_headline bt_bb_dash_top bt_bb_superheadline bt_bb_superheadline_outside bt_bb_size_large bt_bb_align_inherit\" data-bt-override-class=\"{}\"><div class=\"bt_bb_headline_superheadline_outside\"><span class=\"bt_bb_headline_superheadline\">VARIS<\/span><\/div><h2 class=\"bt_bb_headline_tag\"><span class=\"bt_bb_headline_content\"><span><u>Funcionamiento del<\/u><br \/><br \/>\n<b>servicio<\/b><\/span><\/span><\/h2><\/header><div class=\"bt_bb_separator bt_bb_border_style_none bt_bb_bottom_spacing_medium\" data-bt-override-class=\"null\"><\/div><\/div><\/div><\/div><div  class=\"bt_bb_column col-xxl-6 col-xl-6 bt_bb_vertical_align_top bt_bb_align_left bt_bb_padding_normal\" style=\"; --column-width:6;\" data-width=\"6\" data-bt-override-class=\"{}\"><div class=\"bt_bb_column_content\"><div class=\"bt_bb_column_content_inner\"><\/div><\/div><\/div><\/div><\/div><div class=\"bt_bb_row \"  data-bt-override-class=\"{}\"><div class=\"bt_bb_row_holder\" style=\"; 0\"><div  class=\"bt_bb_column col-xxl-6 col-xl-6 bt_bb_vertical_align_top bt_bb_align_left bt_bb_padding_normal bt_bb_animation_fade_in move_up animate\" style=\"; --column-width:6;\" data-width=\"6\" data-bt-override-class=\"{}\"><div class=\"bt_bb_column_content\"><div class=\"bt_bb_column_content_inner\"><div class=\"bt_bb_separator bt_bb_border_style_none bt_bb_bottom_spacing_small bt_bb_hidden_md bt_bb_hidden_lg\" data-bt-override-class=\"null\"><\/div><div  class=\"bt_bb_text\" ><\/p>\n<p><strong>1. TRAMITACI\u00d3N DE LA DOCUMENTACI\u00d3N PREVIA<\/strong><\/p>\n<p>Antes de realizar cualquier operaci\u00f3n de recogida de residuos, es necesario tramitar una documentaci\u00f3n obligatoria. Bionet realiza estos tr\u00e1mites de forma gratuita, y el cliente s\u00f3lo debe pagar las tasas establecidas en la Agencia de Residuos de Catalu\u00f1a.<\/p>\n<p>Los tr\u00e1mites iniciales a realizar son:<\/p>\n<p>\n<\/div><div class=\"bt_bb_separator bt_bb_border_style_none bt_bb_bottom_spacing_small bt_bb_hidden_md bt_bb_hidden_lg\" data-bt-override-class=\"null\"><\/div><div  class=\"bt_bb_text\" ><\/p>\n<p><em>*SDR: El Sistema Documental de Residuos es una plataforma online de la Agencia de Residuos de Catalu\u00f1a donde se pueden tramitar y consultar todos los documentos referentes a los servicios de recogida, garantizando as\u00ed su total trazabilidad.<\/em><\/p>\n<p><em>Es de obligado cumplimiento por parte de los productores de residuos.<\/em><\/p>\n<p>\n<\/div><\/div><\/div><\/div><div  class=\"bt_bb_column col-xxl-6 col-xl-6 bt_bb_vertical_align_top bt_bb_align_left bt_bb_padding_normal bt_bb_animation_fade_in move_up animate\" style=\"; --column-width:6;\" data-width=\"6\" data-bt-override-class=\"{}\"><div class=\"bt_bb_column_content\"><div class=\"bt_bb_column_content_inner\"><div class=\"bt_bb_separator bt_bb_border_style_none bt_bb_bottom_spacing_medium\" data-bt-override-class=\"null\"><\/div><div  class=\"bt_bb_text\" ><\/p>\n<p><strong>2. SERVICIO DE RECOGIDA DE RESIDUOS<\/strong><\/p>\n<p>Una vez realizados los tr\u00e1mites previos, se puede proceder a realizar la operativa de contenedores. En cada cambio de contenedores, se genera una documentaci\u00f3n asociada que se detalla a continuaci\u00f3n:<\/p>\n<p>\n<\/div><div class=\"bt_bb_separator bt_bb_border_style_none bt_bb_bottom_spacing_small bt_bb_hidden_md bt_bb_hidden_lg\" data-bt-override-class=\"null\"><\/div><div  class=\"bt_bb_text\" ><\/p>\n<p>Avisamos a nuestros clientes de la caducidad de los documentos tramitados, as\u00ed como el vencimiento del per\u00edodo de almacenamiento legal de los contenedores, por lo que el cliente no debe preocuparse de encontrarse en una auditor\u00eda o inspecci\u00f3n con no conformidades o incumplimientos legales .<\/p>\n<p>\n<\/div><\/div><\/div><\/div><\/div><\/div><\/div><!-- cell_inner --><\/div><!-- cell --><\/div><!-- port --><\/section><section id=\"bt_bb_section69d56e1c60508\" class=\"bt_bb_section bt_bb_layout_boxed_1200 bt_bb_vertical_align_top bt_bb_bottom_section_coverage_image bt_bb_section_with_bottom_coverage_image bt_bb_top_spacing_medium bt_bb_bottom_spacing_large\" style=\";background-color:#f5f5f5;\" data-bt-override-class=\"null\"><div class=\"bt_bb_port\"><div class=\"bt_bb_cell\"><div class=\"bt_bb_cell_inner\"><div class=\"bt_bb_row \"  data-bt-override-class=\"{}\"><div class=\"bt_bb_row_holder\" style=\"; 0\"><div  class=\"bt_bb_column col-xxl-12 col-xl-12 bt_bb_vertical_align_top bt_bb_align_left bt_bb_padding_normal bt_bb_animation_fade_in move_up animate\" style=\"; --column-width:12;\" data-width=\"12\" data-bt-override-class=\"{}\"><div class=\"bt_bb_column_content\"><div class=\"bt_bb_column_content_inner\"><div class=\"bt_bb_separator bt_bb_border_style_none bt_bb_bottom_spacing_normal bt_bb_hidden_md bt_bb_hidden_lg\" data-bt-override-class=\"null\"><\/div><header class=\"bt_bb_headline bt_bb_dash_top bt_bb_subheadline bt_bb_size_large bt_bb_align_center\" data-bt-override-class=\"{}\"><h2 class=\"bt_bb_headline_tag\"><span class=\"bt_bb_headline_content\"><span><u>Consultad vuestros<\/u><br \/><br \/>\n<b>residuos<\/b> <\/span><\/span><\/h2><div class=\"bt_bb_headline_subheadline\">A continuaci\u00f3n podr\u00e9is consultar la categorizaci\u00f3n de sus tipos de residuos. Haced clic en la tipolog\u00eda de vuestro negocio y os aparecer\u00e1n los tipos de residuos asociados a vuestra actividad.<\/div><\/header><div class=\"bt_bb_separator bt_bb_border_style_none bt_bb_bottom_spacing_medium\" data-bt-override-class=\"null\"><\/div><div class=\"bt_bb_masonry_portfolio_grid bt_bb_grid_container bt_bb_columns_3 bt_bb_gap_normal bt_bb_look_image_below bt_bb_date_design_triangle bt_bb_show_dash_true\" data-columns=\"3\"><div class=\"bt_bb_post_grid_filter\"><span class=\"bt_bb_masonry_portfolio_grid_filter_item bt_bb_post_grid_filter_item active\" data-category-portfolio=\"centres-veterinaris,farmacia,empreses-de-control-de-plagues,explotacions-ramaderes,centres-medics,centres-dentals,centre-tatuatges-o-acupuntura\" data-post-type=\"portfolio\">All<\/span><span class=\"bt_bb_masonry_portfolio_grid_filter_item bt_bb_post_grid_filter_item\" data-category-portfolio=\"centres-veterinaris\" data-post-type=\"portfolio\">Centres veterinaris<\/span><span class=\"bt_bb_masonry_portfolio_grid_filter_item bt_bb_post_grid_filter_item\" data-category-portfolio=\"farmacia\" data-post-type=\"portfolio\">Farm\u00e0cia<\/span><span class=\"bt_bb_masonry_portfolio_grid_filter_item bt_bb_post_grid_filter_item\" data-category-portfolio=\"empreses-de-control-de-plagues\" data-post-type=\"portfolio\">Control de plagues<\/span><span class=\"bt_bb_masonry_portfolio_grid_filter_item bt_bb_post_grid_filter_item\" data-category-portfolio=\"explotacions-ramaderes\" data-post-type=\"portfolio\">Explotacions ramaderes<\/span><span class=\"bt_bb_masonry_portfolio_grid_filter_item bt_bb_post_grid_filter_item\" data-category-portfolio=\"centres-medics\" data-post-type=\"portfolio\">Centres m\u00e8dics<\/span><span class=\"bt_bb_masonry_portfolio_grid_filter_item bt_bb_post_grid_filter_item\" data-category-portfolio=\"centres-dentals\" data-post-type=\"portfolio\">Centres dentals<\/span><span class=\"bt_bb_masonry_portfolio_grid_filter_item bt_bb_post_grid_filter_item\" data-category-portfolio=\"centre-tatuatges-o-acupuntura\" data-post-type=\"portfolio\">Centre tatuatges o acupuntura<\/span><\/div><div class=\"bt_bb_post_grid_loader\"><span class=\"box1\"><\/span><span class=\"box2\"><\/span><span class=\"box3\"><\/span><span class=\"box4\"><\/span><span class=\"box5\"><\/span><\/div><div class=\"bt_bb_masonry_portfolio_grid_content bt_bb_grid_hide\" data-bt-nonce=\"2e3c866202\" data-number-portfolio=\"1000\" data-category-portfolio=\"\" data-post-type=\"portfolio\" data-show-portfolio=\"%7B%22category%22%3Atrue%2C%22date%22%3Afalse%2C%22author%22%3Afalse%2C%22comments%22%3Afalse%2C%22excerpt%22%3Atrue%2C%22share%22%3Afalse%2C%22read_more%22%3Afalse%7D\" data-date-design=\"triangle\"  data-target=\"_self\"><div class=\"bt_bb_grid_sizer\"><\/div><\/div><\/div><div class=\"bt_bb_separator bt_bb_border_style_none\" style=\"; border-width: 10px; border-color: transparent; border-style: solid;\" data-bt-override-class=\"null\"><\/div><\/div><\/div><\/div><\/div><\/div><div class=\"bt_bb_row \"  data-bt-override-class=\"{}\"><div class=\"bt_bb_row_holder\" style=\"; 0\"><\/div><\/div><\/div><!-- cell_inner --><\/div><!-- cell --><\/div><!-- port --><div class=\"bt_bb_section_bottom_section_coverage_image\"><img decoding=\"async\" src=\"https:\/\/bionet.cat\/wp-content\/uploads\/2019\/04\/bgn-triangle-bottom-2.png\" alt=\"bt_bb_section_bottom_section_coverage_image\" \/><\/div><\/section><\/p>\n","protected":false},"excerpt":{"rendered":"<p>Objectively innovate empowered manufactured products whereas parallel platforms. Holisticly predominate extensible testing procedures for reliable supply chains. Dramatically engage top-line web services vis-a-vis cutting-edge deliverables.<\/p>\n","protected":false},"author":6,"featured_media":0,"parent":0,"menu_order":0,"comment_status":"closed","ping_status":"closed","template":"","meta":{"footnotes":""},"class_list":["post-3237","page","type-page","status-publish","hentry"],"_links":{"self":[{"href":"https:\/\/bionet.cat\/es\/wp-json\/wp\/v2\/pages\/3237","targetHints":{"allow":["GET"]}}],"collection":[{"href":"https:\/\/bionet.cat\/es\/wp-json\/wp\/v2\/pages"}],"about":[{"href":"https:\/\/bionet.cat\/es\/wp-json\/wp\/v2\/types\/page"}],"author":[{"embeddable":true,"href":"https:\/\/bionet.cat\/es\/wp-json\/wp\/v2\/users\/6"}],"replies":[{"embeddable":true,"href":"https:\/\/bionet.cat\/es\/wp-json\/wp\/v2\/comments?post=3237"}],"version-history":[{"count":2,"href":"https:\/\/bionet.cat\/es\/wp-json\/wp\/v2\/pages\/3237\/revisions"}],"predecessor-version":[{"id":4035,"href":"https:\/\/bionet.cat\/es\/wp-json\/wp\/v2\/pages\/3237\/revisions\/4035"}],"wp:attachment":[{"href":"https:\/\/bionet.cat\/es\/wp-json\/wp\/v2\/media?parent=3237"}],"curies":[{"name":"wp","href":"https:\/\/api.w.org\/{rel}","templated":true}]}}