{"id":3242,"date":"2020-06-03T10:37:43","date_gmt":"2020-06-03T10:37:43","guid":{"rendered":"https:\/\/bionet.cat\/destruccio-confidencial\/"},"modified":"2021-11-05T10:11:01","modified_gmt":"2021-11-05T10:11:01","slug":"destruccion-confidencial","status":"publish","type":"page","link":"https:\/\/bionet.cat\/es\/destruccion-confidencial\/","title":{"rendered":"Destrucci\u00f3n confidencial de documentos"},"content":{"rendered":"<p><section id=\"bt_bb_section69e018915667e\" class=\"bt_bb_section bt_bb_layout_boxed_1200 bt_bb_vertical_align_top bt_bb_bottom_section_coverage_image bt_bb_section_with_bottom_coverage_image bt_bb_section_show_left_boxed_content\" style=\"background-position:left center;background-size:contain;\" data-bt-override-class=\"null\"><div class=\"bt_bb_background_image_holder_wrapper\"><div class=\"bt_bb_background_image_holder btLazyLoadBackground\"  data-background_image_src=\"https:\/\/bionet.cat\/wp-content\/uploads\/2020\/05\/background1_1-5-scaled.jpg\" data-parallax-zoom-start=\"1\" data-parallax-zoom-end=\"1\" data-parallax-blur-start=\"0\" data-parallax-blur-end=\"0\" data-parallax-opacity-start=\"1\" data-parallax-opacity-end=\"1\" style=\" background-image: url(&#039;https:\/\/bionet.cat\/wp-content\/plugins\/bold-page-builder\/img\/blank.gif&#039;);\"><\/div><\/div><div class=\"bt_bb_port\"><div class=\"bt_bb_cell\"><div class=\"bt_bb_cell_inner\"><div class=\"bt_bb_row \"  data-bt-override-class=\"{}\"><div class=\"bt_bb_row_holder\" style=\"; 0\"><div  class=\"bt_bb_column col-xxl-6 col-xl-6 bt_bb_vertical_align_top bt_bb_align_left bt_bb_padding_double bt_bb_animation_fade_in animate\" style=\"; --column-width:6;\" data-width=\"6\" data-bt-override-class=\"{}\"><div class=\"bt_bb_column_content\"><div class=\"bt_bb_column_content_inner\"><div class=\"bt_bb_separator bt_bb_border_style_none bt_bb_bottom_spacing_medium bt_bb_hidden_md bt_bb_hidden_lg\" data-bt-override-class=\"null\"><\/div><div class=\"bt_bb_separator bt_bb_border_style_none bt_bb_bottom_spacing_large bt_bb_hidden_xs bt_bb_hidden_ms bt_bb_hidden_sm\" data-bt-override-class=\"null\"><\/div><header class=\"bt_bb_headline bt_bb_dash_top bt_bb_superheadline bt_bb_subheadline bt_bb_size_large bt_bb_align_inherit\" data-bt-override-class=\"{}\"><h2 class=\"bt_bb_headline_tag\"><span class=\"bt_bb_headline_superheadline\">EL SERVICIO<\/span><span class=\"bt_bb_headline_content\"><span><u>Destrucci\u00f3n confidencial<\/u><br \/><br \/>\n<b>de documentos<\/b><\/span><\/span><\/h2><div class=\"bt_bb_headline_subheadline\">La destrucci\u00f3n confidencial de documentos se basa en la reducci\u00f3n de los documentos en tiras o part\u00edculas de las que no se puedan extraer en modo alguno los datos que conten\u00edan.<\/p><br \/>\n<p>Muchas empresas de sectores diversos basan su actividad en informaci\u00f3n escrita: bases de datos, documentos de texto, hojas de c\u00e1lculo o im\u00e1genes.<\/div><\/header><div class=\"bt_bb_separator bt_bb_border_style_solid bt_bb_top_spacing_normal bt_bb_bottom_spacing_normal\" style=\"; border-width: 2px\" data-bt-override-class=\"null\"><\/div><div class=\" bt_bb_row_inner\"   data-bt-override-class=\"{}\"><div class=\"bt_bb_row_inner_holder\" style=\"; 0\" ><div  class=\"bt_bb_column_inner col-xxl-6 col-xl-6 bt_bb_vertical_align_top bt_bb_align_left bt_bb_padding_normal\"  data-width=\"6\" data-bt-override-class=\"{}\"><div class=\"bt_bb_column_inner_content\"><div class=\"bt_bb_column_inner_content_inner\"><div  class=\"bt_bb_text\" ><\/p>\n<p>Mucha de la informaci\u00f3n sensible que poseen las empresas est\u00e1 en formato papel y, cuando la importancia de los datos de los documentos empresariales pierde su valor, es necesario utilizar protocolos de destrucci\u00f3n de los datos confidenciales para evitar que lleguen a manos de terceros.<\/p>\n<p>Bionet ofrece el servicio de recogida y destrucci\u00f3n de documentos con datos confidenciales en formato papel y\/o digital garantizando su destrucci\u00f3n de forma confidencial a nivel indescifrable, ilegible e irrecuperable, cumpliendo la legislaci\u00f3n vigente de protecci\u00f3n de datos de car\u00e1cter personal.<\/p>\n<p>\n<\/div><div class=\"bt_bb_separator bt_bb_border_style_none bt_bb_bottom_spacing_normal bt_bb_hidden_md bt_bb_hidden_lg\" data-bt-override-class=\"null\"><\/div><\/div><\/div><\/div><div  class=\"bt_bb_column_inner col-xxl-6 col-xl-6 bt_bb_vertical_align_top bt_bb_align_left bt_bb_padding_normal\"  data-width=\"6\" data-bt-override-class=\"{}\"><div class=\"bt_bb_column_inner_content\"><div class=\"bt_bb_column_inner_content_inner\"><div  class=\"bt_bb_text\" ><\/p>\n<p>La gesti\u00f3n del material de car\u00e1cter confidencial se realizar\u00e1 seg\u00fan norma UNE-15713: 2010 Destrucci\u00f3n segura del material confidencial. C\u00f3digo de buenas pr\u00e1cticas y de acuerdo con la <strong>LOPD<\/strong> \u201c<em>Ley org\u00e1nica 15\/1999, de 13 de diciembre, de protecci\u00f3n de datos de car\u00e1cter personal<\/em>\u201d y el <strong>RGPD<\/strong> \u201c<em>Reglamento (UE) 2016\/679 del Parlamento Europeo y del Consejo de 27 de abril de 2016\u201d<\/em> relativo a la protecci\u00f3n de las personas en lo que se refiere al tratamiento de datos personales ya la libre circulaci\u00f3n de estos datos.<\/p>\n<p>\n<\/div><\/div><\/div><\/div><\/div><\/div><div class=\"bt_bb_separator bt_bb_border_style_none bt_bb_bottom_spacing_medium bt_bb_hidden_md bt_bb_hidden_lg\" data-bt-override-class=\"null\"><\/div><div class=\"bt_bb_separator bt_bb_border_style_none bt_bb_bottom_spacing_large bt_bb_hidden_xs bt_bb_hidden_ms bt_bb_hidden_sm\" data-bt-override-class=\"null\"><\/div><\/div><\/div><\/div><div  class=\"bt_bb_column col-xxl-6 col-xl-6 bt_bb_vertical_align_top bt_bb_align_left btLazyLoadBackground bt_bb_column_background_image bt_bb_padding_normal bt_bb_mobile_align_to_both_edge\" style=\"background-image:url(&#039;https:\/\/bionet.cat\/wp-content\/plugins\/bold-page-builder\/img\/blank.gif&#039;);; --column-width:6;\" data-background_image_src='https:\/\/bionet.cat\/wp-content\/uploads\/2021\/03\/Documents.jpg' data-width=\"6\" data-bt-override-class=\"{}\"><div class=\"bt_bb_column_content\"><div class=\"bt_bb_column_content_inner\"><div class=\"bt_bb_separator bt_bb_border_style_none bt_bb_top_spacing_extra_large bt_bb_bottom_spacing_extra_large\" data-bt-override-class=\"null\"><\/div><div class=\"bt_bb_separator bt_bb_border_style_none bt_bb_top_spacing_extra_large bt_bb_bottom_spacing_extra_large\" data-bt-override-class=\"null\"><\/div><\/div><\/div><\/div><\/div><\/div><\/div><!-- cell_inner --><\/div><!-- cell --><\/div><!-- port --><div class=\"bt_bb_section_bottom_section_coverage_image\"><img decoding=\"async\" src=\"https:\/\/bionet.cat\/wp-content\/uploads\/2019\/04\/bgn-quotes-bottom.png\" alt=\"bt_bb_section_bottom_section_coverage_image\" \/><\/div><\/section><section id=\"bt_bb_section69e0189157a43\" class=\"bt_bb_section bt_bb_layout_boxed_1200 bt_bb_vertical_align_top bt_bb_bottom_section_coverage_image bt_bb_section_with_bottom_coverage_image bt_bb_top_spacing_medium bt_bb_bottom_spacing_large\" style=\";background-color:#f5f5f5;\" data-bt-override-class=\"null\"><div class=\"bt_bb_port\"><div class=\"bt_bb_cell\"><div class=\"bt_bb_cell_inner\"><div class=\"bt_bb_row \"  data-bt-override-class=\"{}\"><div class=\"bt_bb_row_holder\" style=\"; 0\"><div  class=\"bt_bb_column col-xxl-6 col-xl-6 bt_bb_vertical_align_top bt_bb_align_left bt_bb_padding_normal bt_bb_animation_fade_in move_up animate\" style=\"; --column-width:6;\" data-width=\"6\" data-bt-override-class=\"{}\"><div class=\"bt_bb_column_content\"><div class=\"bt_bb_column_content_inner\"><div class=\"bt_bb_separator bt_bb_border_style_none bt_bb_bottom_spacing_normal bt_bb_hidden_md bt_bb_hidden_lg\" data-bt-override-class=\"null\"><\/div><header class=\"bt_bb_headline bt_bb_dash_top bt_bb_superheadline bt_bb_superheadline_outside bt_bb_size_large bt_bb_align_inherit\" data-bt-override-class=\"{}\"><div class=\"bt_bb_headline_superheadline_outside\"><span class=\"bt_bb_headline_superheadline\">PAPEL<\/span><\/div><h2 class=\"bt_bb_headline_tag\"><span class=\"bt_bb_headline_content\"><span><u>Contenedores para<\/u><br \/><br \/>\n<b>papel<\/b> <\/span><\/span><\/h2><\/header><div class=\"bt_bb_separator bt_bb_border_style_none bt_bb_bottom_spacing_medium\" data-bt-override-class=\"null\"><\/div><\/div><\/div><\/div><div  class=\"bt_bb_column col-xxl-6 col-xl-6 bt_bb_vertical_align_top bt_bb_align_left bt_bb_padding_normal\" style=\"; --column-width:6;\" data-width=\"6\" data-bt-override-class=\"{}\"><div class=\"bt_bb_column_content\"><div class=\"bt_bb_column_content_inner\"><\/div><\/div><\/div><\/div><\/div><div class=\"bt_bb_row \"  data-bt-override-class=\"{}\"><div class=\"bt_bb_row_holder\" style=\"; 0\"><div  class=\"bt_bb_column col-xxl-6 col-xl-6 bt_bb_vertical_align_top bt_bb_align_left bt_bb_padding_normal bt_bb_animation_fade_in move_up animate\" style=\"; --column-width:6;\" data-width=\"6\" data-bt-override-class=\"{}\"><div class=\"bt_bb_column_content\"><div class=\"bt_bb_column_content_inner\"><div class=\"bt_bb_separator bt_bb_border_style_none bt_bb_bottom_spacing_small bt_bb_hidden_md bt_bb_hidden_lg\" data-bt-override-class=\"null\"><\/div><div class=\"bt_bb_image bt_bb_shape_square bt_bb_target_self bt_bb_align_inherit bt_bb_hover_style_simple bt_bb_content_display_always bt_bb_content_align_middle\" data-bt-override-class=\"{}\"><span><img loading=\"lazy\" decoding=\"async\" width=\"300\" height=\"418\" src=\"https:\/\/bionet.cat\/wp-content\/uploads\/2021\/03\/Documents-confidencials.png\" class=\"attachment-full size-full\" alt=\"https:\/\/bionet.cat\/wp-content\/uploads\/2021\/03\/Documents-confidencials.png\" data-full_image_src=\"https:\/\/bionet.cat\/wp-content\/uploads\/2021\/03\/Documents-confidencials.png\" title=\"Documents confidencials\" \/><\/span><\/div><\/div><\/div><\/div><div  class=\"bt_bb_column col-xxl-6 col-xl-6 bt_bb_vertical_align_top bt_bb_align_left bt_bb_padding_normal bt_bb_animation_fade_in move_up animate\" style=\"; --column-width:6;\" data-width=\"6\" data-bt-override-class=\"{}\"><div class=\"bt_bb_column_content\"><div class=\"bt_bb_column_content_inner\"><div  class=\"bt_bb_text\" ><\/p>\n<p>Bionet proporciona <strong>contenedores para depositar la documentaci\u00f3n confidencial<\/strong>. Este contenedor se entrega cerrado con una brida identificada con una numeraci\u00f3n \u00fanica para obtener una completa trazabilidad de la documentaci\u00f3n.<\/p>\n<p>Una vez lleno, el <strong>transporte del contenedor<\/strong> con material de car\u00e1cter confidencial se realizar\u00e1 en veh\u00edculos acreditados y protegidos contra el acceso no autorizado. El transportista estar\u00e1 formado e ir\u00e1 correctamente uniformado, seg\u00fan norma UNE-15713: 2010.<\/p>\n<p>La <strong>destrucci\u00f3n del contenedor <\/strong>se realizar\u00e1 de forma confidencial, indescifrable, ilegible e irrecuperable, de acuerdo con la LOPD\/RGPD y los procedimientos y medidas de la norma UNE-15713: 2010, mediante un proceso mec\u00e1nico de trituraci\u00f3n (en fragmentos de el tama\u00f1o n\u00ba4) por destrucci\u00f3n f\u00edsica en la planta, y gestionadas de acuerdo con las leyes medioambientales estatales, auton\u00f3micas o europeas, para su reciclaje, valorizaci\u00f3n o eliminaci\u00f3n. La informaci\u00f3n contenida en la documentaci\u00f3n tratada no podr\u00e1 ser, por tanto, reconstruida, evitando as\u00ed su uso indebido por parte de terceros.<\/p>\n<p>Una vez destruido el contenedor, el centro recibir\u00e1 un <strong>documento certificando su destrucci\u00f3n<\/strong> indicando el n\u00famero de brida correspondiente.<\/p>\n<p>\n<\/div><div class=\"bt_bb_separator bt_bb_border_style_none bt_bb_bottom_spacing_small bt_bb_hidden_md bt_bb_hidden_lg\" data-bt-override-class=\"null\"><\/div><\/div><\/div><\/div><\/div><\/div><\/div><!-- cell_inner --><\/div><!-- cell --><\/div><!-- port --><div class=\"bt_bb_section_bottom_section_coverage_image\"><img decoding=\"async\" src=\"https:\/\/bionet.cat\/wp-content\/uploads\/2019\/04\/bgn-triangle-bottom-2.png\" alt=\"bt_bb_section_bottom_section_coverage_image\" \/><\/div><\/section><section id=\"bt_bb_section69e018915874d\" class=\"bt_bb_section bt_bb_layout_boxed_1200 bt_bb_vertical_align_top bt_bb_top_spacing_medium bt_bb_bottom_spacing_large\"  data-bt-override-class=\"null\"><div class=\"bt_bb_port\"><div class=\"bt_bb_cell\"><div class=\"bt_bb_cell_inner\"><div class=\"bt_bb_row \"  data-bt-override-class=\"{}\"><div class=\"bt_bb_row_holder\" style=\"; 0\"><div  class=\"bt_bb_column col-xxl-6 col-xl-6 bt_bb_vertical_align_top bt_bb_align_left bt_bb_padding_normal bt_bb_animation_fade_in move_up animate\" style=\"; --column-width:6;\" data-width=\"6\" data-bt-override-class=\"{}\"><div class=\"bt_bb_column_content\"><div class=\"bt_bb_column_content_inner\"><div class=\"bt_bb_separator bt_bb_border_style_none bt_bb_bottom_spacing_normal bt_bb_hidden_md bt_bb_hidden_lg\" data-bt-override-class=\"null\"><\/div><header class=\"bt_bb_headline bt_bb_dash_top bt_bb_superheadline bt_bb_superheadline_outside bt_bb_size_large bt_bb_align_inherit\" data-bt-override-class=\"{}\"><div class=\"bt_bb_headline_superheadline_outside\"><span class=\"bt_bb_headline_superheadline\">VARIOS<\/span><\/div><h2 class=\"bt_bb_headline_tag\"><span class=\"bt_bb_headline_content\"><span><u>Otros<\/u><br \/><br \/>\n<b>soportes<\/b><\/span><\/span><\/h2><\/header><div class=\"bt_bb_separator bt_bb_border_style_none bt_bb_bottom_spacing_medium\" data-bt-override-class=\"null\"><\/div><\/div><\/div><\/div><div  class=\"bt_bb_column col-xxl-6 col-xl-6 bt_bb_vertical_align_top bt_bb_align_left bt_bb_padding_normal\" style=\"; --column-width:6;\" data-width=\"6\" data-bt-override-class=\"{}\"><div class=\"bt_bb_column_content\"><div class=\"bt_bb_column_content_inner\"><\/div><\/div><\/div><\/div><\/div><div class=\"bt_bb_row \"  data-bt-override-class=\"{}\"><div class=\"bt_bb_row_holder\" style=\"; 0\"><div  class=\"bt_bb_column col-xxl-6 col-xl-6 bt_bb_vertical_align_top bt_bb_align_left bt_bb_padding_normal bt_bb_animation_fade_in move_up animate\" style=\"; --column-width:6;\" data-width=\"6\" data-bt-override-class=\"{}\"><div class=\"bt_bb_column_content\"><div class=\"bt_bb_column_content_inner\"><div class=\"bt_bb_separator bt_bb_border_style_none bt_bb_bottom_spacing_small bt_bb_hidden_md bt_bb_hidden_lg\" data-bt-override-class=\"null\"><\/div><div  class=\"bt_bb_text\" ><\/p>\n<p>Desde Bionet tambi\u00e9n ofrecemos la <strong>gesti\u00f3n confidencial de otros soportes<\/strong> como: CD&#8217;s, USB, disquetes, ribbons, discos duros y otros soportes electr\u00f3nicos.<\/p>\n<p>Seg\u00fan la <strong>tipolog\u00eda y volumen del soporte<\/strong>, \u00e9ste ser\u00e1 recogido con un tipo de contenedor identificado con un n\u00famero \u00fanico.<\/p>\n<p>La <strong>destrucci\u00f3n del contenedor<\/strong> se realizar\u00e1 de forma confidencial, indescifrable, ilegible e irrecuperable, de acuerdo con la LOPD\/RGPD y los procedimientos y medidas de la norma UNE-15713: 2010.<\/p>\n<p>Los <strong>CDs, disquetes, ribbons<\/strong> son destruidos a trav\u00e9s de un proceso mec\u00e1nico de trituraci\u00f3n (en fragmentos del tama\u00f1o 20mm) por destrucci\u00f3n f\u00edsica en la planta.<\/p>\n<p>Los <strong>discos duros y USB<\/strong> son destruidos a trav\u00e9s de una fragmentaci\u00f3n de la informaci\u00f3n y una gesti\u00f3n posterior del dispositivo.<\/p>\n<p>Una vez destruido el soporte electr\u00f3nico, el centro recibir\u00e1 un documento certificando su destrucci\u00f3n indicando el n\u00famero identificativo correspondiente.<\/p>\n<p>\n<\/div><\/div><\/div><\/div><div  class=\"bt_bb_column col-xxl-6 col-xl-6 bt_bb_vertical_align_top bt_bb_align_left bt_bb_padding_normal bt_bb_animation_fade_in move_up animate\" style=\"; --column-width:6;\" data-width=\"6\" data-bt-override-class=\"{}\"><div class=\"bt_bb_column_content\"><div class=\"bt_bb_column_content_inner\"><div class=\"bt_bb_image bt_bb_shape_square bt_bb_target_self bt_bb_align_inherit bt_bb_hover_style_simple bt_bb_content_display_always bt_bb_content_align_middle\" data-bt-override-class=\"{}\"><span><img loading=\"lazy\" decoding=\"async\" width=\"640\" height=\"768\" src=\"https:\/\/bionet.cat\/wp-content\/uploads\/2021\/05\/ALTRES_SUPORTS-640x768.jpg\" class=\"attachment-boldthemes_medium size-boldthemes_medium\" alt=\"https:\/\/bionet.cat\/wp-content\/uploads\/2021\/05\/ALTRES_SUPORTS-640x768.jpg\" data-full_image_src=\"https:\/\/bionet.cat\/wp-content\/uploads\/2021\/05\/ALTRES_SUPORTS.jpg\" title=\"ALTRES_SUPORTS\" srcset=\"https:\/\/bionet.cat\/wp-content\/uploads\/2021\/05\/ALTRES_SUPORTS-640x768.jpg 640w, https:\/\/bionet.cat\/wp-content\/uploads\/2021\/05\/ALTRES_SUPORTS-768x921.jpg 768w, https:\/\/bionet.cat\/wp-content\/uploads\/2021\/05\/ALTRES_SUPORTS-320x384.jpg 320w, https:\/\/bionet.cat\/wp-content\/uploads\/2021\/05\/ALTRES_SUPORTS.jpg 1181w\" sizes=\"auto, (max-width: 640px) 100vw, 640px\" \/><\/span><\/div><\/div><\/div><\/div><\/div><\/div><\/div><!-- cell_inner --><\/div><!-- cell --><\/div><!-- port --><\/section><\/p>\n","protected":false},"excerpt":{"rendered":"<p>Objectively innovate empowered manufactured products whereas parallel platforms. Holisticly predominate extensible testing procedures for reliable supply chains. Dramatically engage top-line web services vis-a-vis cutting-edge deliverables.<\/p>\n","protected":false},"author":6,"featured_media":0,"parent":0,"menu_order":0,"comment_status":"closed","ping_status":"closed","template":"","meta":{"footnotes":""},"class_list":["post-3242","page","type-page","status-publish","hentry"],"_links":{"self":[{"href":"https:\/\/bionet.cat\/es\/wp-json\/wp\/v2\/pages\/3242","targetHints":{"allow":["GET"]}}],"collection":[{"href":"https:\/\/bionet.cat\/es\/wp-json\/wp\/v2\/pages"}],"about":[{"href":"https:\/\/bionet.cat\/es\/wp-json\/wp\/v2\/types\/page"}],"author":[{"embeddable":true,"href":"https:\/\/bionet.cat\/es\/wp-json\/wp\/v2\/users\/6"}],"replies":[{"embeddable":true,"href":"https:\/\/bionet.cat\/es\/wp-json\/wp\/v2\/comments?post=3242"}],"version-history":[{"count":2,"href":"https:\/\/bionet.cat\/es\/wp-json\/wp\/v2\/pages\/3242\/revisions"}],"predecessor-version":[{"id":3245,"href":"https:\/\/bionet.cat\/es\/wp-json\/wp\/v2\/pages\/3242\/revisions\/3245"}],"wp:attachment":[{"href":"https:\/\/bionet.cat\/es\/wp-json\/wp\/v2\/media?parent=3242"}],"curies":[{"name":"wp","href":"https:\/\/api.w.org\/{rel}","templated":true}]}}