{"id":3277,"date":"2019-04-01T10:25:28","date_gmt":"2019-04-01T10:25:28","guid":{"rendered":"https:\/\/bionet.cat\/serveis\/"},"modified":"2021-11-05T11:55:30","modified_gmt":"2021-11-05T11:55:30","slug":"servicios","status":"publish","type":"page","link":"https:\/\/bionet.cat\/es\/servicios\/","title":{"rendered":"Servicios"},"content":{"rendered":"<section id=\"bt_bb_section69ed0a2135838\" class=\"bt_bb_section bt_bb_layout_boxed_1200 bt_bb_vertical_align_top bt_bb_top_spacing_large bt_bb_bottom_spacing_large\" style=\"background-position:center;background-size:contain;\" data-bt-override-class=\"null\"><div class=\"bt_bb_background_image_holder_wrapper\"><div class=\"bt_bb_background_image_holder btLazyLoadBackground\"  data-background_image_src=\"https:\/\/bionet.cat\/wp-content\/uploads\/2020\/04\/background1-scaled.jpg\" data-parallax-zoom-start=\"1\" data-parallax-zoom-end=\"1\" data-parallax-blur-start=\"0\" data-parallax-blur-end=\"0\" data-parallax-opacity-start=\"1\" data-parallax-opacity-end=\"1\" style=\" background-image: url(&#039;https:\/\/bionet.cat\/wp-content\/plugins\/bold-page-builder\/img\/blank.gif&#039;);\"><\/div><\/div><div class=\"bt_bb_port\"><div class=\"bt_bb_cell\"><div class=\"bt_bb_cell_inner\"><div class=\"bt_bb_row \"  data-bt-override-class=\"{}\"><div class=\"bt_bb_row_holder\" style=\"; 0\"><div  class=\"bt_bb_column col-xxl-2 col-xl-2 bt_bb_vertical_align_top bt_bb_align_left bt_bb_padding_normal\" style=\"; --column-width:2;\" data-width=\"2\" data-bt-override-class=\"{}\"><div class=\"bt_bb_column_content\"><div class=\"bt_bb_column_content_inner\"><\/div><\/div><\/div><div  class=\"bt_bb_column col-xxl-8 col-xl-8 bt_bb_vertical_align_top bt_bb_align_center bt_bb_padding_normal bt_bb_animation_fade_in move_up animate\" style=\"; --column-width:8;\" data-width=\"8\" data-bt-override-class=\"{}\"><div class=\"bt_bb_column_content\"><div class=\"bt_bb_column_content_inner\"><header class=\"bt_bb_headline bt_bb_dash_top bt_bb_superheadline bt_bb_superheadline_outside bt_bb_subheadline bt_bb_size_large bt_bb_align_inherit\" data-bt-override-class=\"{}\"><div class=\"bt_bb_headline_superheadline_outside\"><span class=\"bt_bb_headline_superheadline\">OS PRESENTAMOS<\/span><\/div><h2 class=\"bt_bb_headline_tag\"><span class=\"bt_bb_headline_content\"><span><u>Nuestros<\/u> <b>servicios<\/b><\/span><\/span><\/h2><div class=\"bt_bb_headline_subheadline\">Bionet os ofrece un amplio abanico de servicios y soluciones integrales para vuestras instalaciones.<\/div><\/header><div class=\"bt_bb_separator bt_bb_border_style_none bt_bb_bottom_spacing_medium\" data-bt-override-class=\"null\"><\/div><\/div><\/div><\/div><div  class=\"bt_bb_column col-xxl-2 col-xl-2 bt_bb_vertical_align_top bt_bb_align_left bt_bb_padding_normal\" style=\"; --column-width:2;\" data-width=\"2\" data-bt-override-class=\"{}\"><div class=\"bt_bb_column_content\"><div class=\"bt_bb_column_content_inner\"><\/div><\/div><\/div><\/div><\/div><div class=\"bt_bb_row  bt_bb_column_gap_10\" style=\"; --column-gap:10px;\" data-bt-override-class=\"{}\"><div class=\"bt_bb_row_holder\" style=\"; 0\"><div  class=\"bt_bb_column col-xxl-6 col-xl-6 bt_bb_vertical_align_top bt_bb_align_left bt_bb_padding_text_indent bt_bb_animation_fade_in animate bt_bb_highlight\" style=\"margin-bottom: 20px;; --column-width:6;\" data-width=\"6\" data-bt-override-class=\"{}\"><div class=\"bt_bb_column_content\" style=\"background-color:rgba(255, 255, 255, 1);\"><div class=\"bt_bb_column_content_inner\"><div class=\"bt_bb_image bt_bb_shape_square bt_bb_target_self bt_bb_align_inherit bt_bb_hover_style_simple bt_bb_content_display_show-on-hover bt_bb_content_align_bottom bt_bb_content_exists\" data-bt-override-class=\"{}\"><a href=\"https:\/\/bionet.cat\/gestion-residuos\/?lang=es\"  target=\"_self\" title=\"Residus\"><img loading=\"lazy\" decoding=\"async\" width=\"1200\" height=\"801\" src=\"https:\/\/bionet.cat\/wp-content\/uploads\/2021\/03\/Residus-1280x854.jpg\" class=\"attachment-large size-large\" alt=\"https:\/\/bionet.cat\/wp-content\/uploads\/2021\/03\/Residus-1280x854.jpg\" data-full_image_src=\"https:\/\/bionet.cat\/wp-content\/uploads\/2021\/03\/Residus.jpg\" title=\"Residus\" srcset=\"https:\/\/bionet.cat\/wp-content\/uploads\/2021\/03\/Residus-1280x854.jpg 1280w, https:\/\/bionet.cat\/wp-content\/uploads\/2021\/03\/Residus-640x427.jpg 640w, https:\/\/bionet.cat\/wp-content\/uploads\/2021\/03\/Residus-768x512.jpg 768w, https:\/\/bionet.cat\/wp-content\/uploads\/2021\/03\/Residus-1536x1025.jpg 1536w, https:\/\/bionet.cat\/wp-content\/uploads\/2021\/03\/Residus-320x213.jpg 320w, https:\/\/bionet.cat\/wp-content\/uploads\/2021\/03\/Residus.jpg 2000w\" sizes=\"auto, (max-width: 1200px) 100vw, 1200px\" \/><\/a><div class=\"bt_bb_image_content\"  style=\"background-color: rgba(0, 81, 139, 0.8);\"><div class=\"bt_bb_image_content_flex\"><div class=\"bt_bb_image_content_inner\"><div class=\"bt_bb_button bt_bb_color_scheme_11 bt_bb_icon_position_right bt_bb_style_clean bt_bb_size_small bt_bb_width_inline bt_bb_shape_inherit bt_bb_target_self bt_bb_align_inherit\" style=\"; --primary-color:#ffffff; --secondary-color:#00518b;\" data-bt-override-class=\"{}\"><a href=\"#\" target=\"_self\" class=\"bt_bb_link\" title=\"M\u00e1s informaci\u00f3n\"><span class=\"bt_bb_button_text\" >M\u00e1s informaci\u00f3n<\/span><span  data-ico-fontawesome=\"&#xf101;\" class=\"bt_bb_icon_holder\"><\/span><\/a><\/div><\/div><\/div><\/div><\/div><div class=\"bt_bb_separator bt_bb_border_style_none bt_bb_bottom_spacing_normal\" data-bt-override-class=\"null\"><\/div><header class=\"bt_bb_headline bt_bb_dash_none bt_bb_subheadline bt_bb_size_normal bt_bb_align_inherit\" data-bt-override-class=\"{}\"><h4 class=\"bt_bb_headline_tag\"><span class=\"bt_bb_headline_content\"><span><a href=\"https:\/\/bionet.cat\/gestion-residuos\/?lang=es\" target=\"_self\" title=\"Gesti\u00f3n de residuos\"><u>Gesti\u00f3n de residuos<\/u><\/a><\/span><\/span><\/h4><div class=\"bt_bb_headline_subheadline\">Que los residuos no estorben el desarrollo de vuestra actividad<\/div><\/header><div class=\"bt_bb_separator bt_bb_border_style_none bt_bb_bottom_spacing_normal\" data-bt-override-class=\"null\"><\/div><\/div><\/div><\/div><div  class=\"bt_bb_column col-xxl-6 col-xl-6 bt_bb_vertical_align_top bt_bb_align_left bt_bb_padding_text_indent bt_bb_animation_fade_in animate bt_bb_highlight\" style=\"margin-bottom: 20px;; --column-width:6;\" data-width=\"6\" data-bt-override-class=\"{}\"><div class=\"bt_bb_column_content\" style=\"background-color:rgba(255, 255, 255, 1);\"><div class=\"bt_bb_column_content_inner\"><div class=\"bt_bb_image bt_bb_shape_square bt_bb_target_self bt_bb_align_inherit bt_bb_hover_style_simple bt_bb_content_display_show-on-hover bt_bb_content_align_bottom bt_bb_content_exists\" data-bt-override-class=\"{}\"><a href=\"https:\/\/bionet.cat\/control-plagas\/?lang=es\"  target=\"_self\" title=\"serveis_pag4\"><img loading=\"lazy\" decoding=\"async\" width=\"1200\" height=\"801\" src=\"https:\/\/bionet.cat\/wp-content\/uploads\/2021\/06\/serveis_pag4-1280x854.jpg\" class=\"attachment-large size-large\" alt=\"https:\/\/bionet.cat\/wp-content\/uploads\/2021\/06\/serveis_pag4-1280x854.jpg\" data-full_image_src=\"https:\/\/bionet.cat\/wp-content\/uploads\/2021\/06\/serveis_pag4-scaled.jpg\" title=\"serveis_pag4\" srcset=\"https:\/\/bionet.cat\/wp-content\/uploads\/2021\/06\/serveis_pag4-1280x854.jpg 1280w, https:\/\/bionet.cat\/wp-content\/uploads\/2021\/06\/serveis_pag4-640x427.jpg 640w\" sizes=\"auto, (max-width: 1200px) 100vw, 1200px\" \/><\/a><div class=\"bt_bb_image_content\"  style=\"background-color: rgba(0, 81, 139, 0.8);\"><div class=\"bt_bb_image_content_flex\"><div class=\"bt_bb_image_content_inner\"><div class=\"bt_bb_button bt_bb_color_scheme_11 bt_bb_icon_position_right bt_bb_style_clean bt_bb_size_small bt_bb_width_inline bt_bb_shape_inherit bt_bb_target_self bt_bb_align_inherit\" style=\"; --primary-color:#ffffff; --secondary-color:#00518b;\" data-bt-override-class=\"{}\"><a href=\"#\" target=\"_self\" class=\"bt_bb_link\" title=\"M\u00e1s informaci\u00f3n\"><span class=\"bt_bb_button_text\" >M\u00e1s informaci\u00f3n<\/span><span  data-ico-fontawesome=\"&#xf101;\" class=\"bt_bb_icon_holder\"><\/span><\/a><\/div><\/div><\/div><\/div><\/div><div class=\"bt_bb_separator bt_bb_border_style_none bt_bb_bottom_spacing_normal\" data-bt-override-class=\"null\"><\/div><header class=\"bt_bb_headline bt_bb_dash_none bt_bb_subheadline bt_bb_size_normal bt_bb_align_inherit\" data-bt-override-class=\"{}\"><h4 class=\"bt_bb_headline_tag\"><span class=\"bt_bb_headline_content\"><span><a href=\"https:\/\/bionet.cat\/control-plagas\/?lang=es\" target=\"_self\" title=\"Prevenci\u00f3n y control de plagas\"><u>Prevenci\u00f3n y control de plagas<\/u><\/a><\/span><\/span><\/h4><div class=\"bt_bb_headline_subheadline\">Combinaci\u00f3n de factores clave para controlar y prevenir posibles plagas<\/div><\/header><div class=\"bt_bb_separator bt_bb_border_style_none bt_bb_bottom_spacing_normal\" data-bt-override-class=\"null\"><\/div><\/div><\/div><\/div><\/div><\/div><div class=\"bt_bb_row  bt_bb_column_gap_10\" style=\"; --column-gap:10px;\" data-bt-override-class=\"{}\"><div class=\"bt_bb_row_holder\" style=\"; 0\"><div  class=\"bt_bb_column col-xxl-6 col-xl-6 bt_bb_vertical_align_top bt_bb_align_left bt_bb_padding_text_indent bt_bb_animation_fade_in animate bt_bb_highlight\" style=\"margin-bottom: 20px;; --column-width:6;\" data-width=\"6\" data-bt-override-class=\"{}\"><div class=\"bt_bb_column_content\" style=\"background-color:rgba(255, 255, 255, 1);\"><div class=\"bt_bb_column_content_inner\"><div class=\"bt_bb_image bt_bb_shape_square bt_bb_target_self bt_bb_align_inherit bt_bb_hover_style_simple bt_bb_content_display_show-on-hover bt_bb_content_align_bottom bt_bb_content_exists\" data-bt-override-class=\"{}\"><a href=\"https:\/\/bionet.cat\/laboratori-ambiental\/\"  target=\"_self\" title=\"Aigua\"><img loading=\"lazy\" decoding=\"async\" width=\"1200\" height=\"801\" src=\"https:\/\/bionet.cat\/wp-content\/uploads\/2021\/03\/Aigua-1280x854.jpg\" class=\"attachment-large size-large\" alt=\"https:\/\/bionet.cat\/wp-content\/uploads\/2021\/03\/Aigua-1280x854.jpg\" data-full_image_src=\"https:\/\/bionet.cat\/wp-content\/uploads\/2021\/03\/Aigua.jpg\" title=\"Aigua\" srcset=\"https:\/\/bionet.cat\/wp-content\/uploads\/2021\/03\/Aigua-1280x854.jpg 1280w, https:\/\/bionet.cat\/wp-content\/uploads\/2021\/03\/Aigua-640x427.jpg 640w, https:\/\/bionet.cat\/wp-content\/uploads\/2021\/03\/Aigua-768x512.jpg 768w, https:\/\/bionet.cat\/wp-content\/uploads\/2021\/03\/Aigua-1536x1025.jpg 1536w, https:\/\/bionet.cat\/wp-content\/uploads\/2021\/03\/Aigua-320x213.jpg 320w, https:\/\/bionet.cat\/wp-content\/uploads\/2021\/03\/Aigua.jpg 2000w\" sizes=\"auto, (max-width: 1200px) 100vw, 1200px\" \/><\/a><div class=\"bt_bb_image_content\"  style=\"background-color: rgba(0, 81, 139, 0.8);\"><div class=\"bt_bb_image_content_flex\"><div class=\"bt_bb_image_content_inner\"><div class=\"bt_bb_button bt_bb_color_scheme_11 bt_bb_icon_position_right bt_bb_style_clean bt_bb_size_small bt_bb_width_inline bt_bb_shape_inherit bt_bb_target_self bt_bb_align_inherit\" style=\"; --primary-color:#ffffff; --secondary-color:#00518b;\" data-bt-override-class=\"{}\"><a href=\"#\" target=\"_self\" class=\"bt_bb_link\" title=\"M\u00e9s informaci\u00f3\"><span class=\"bt_bb_button_text\" >M\u00e9s informaci\u00f3<\/span><span  data-ico-fontawesome=\"&#xf101;\" class=\"bt_bb_icon_holder\"><\/span><\/a><\/div><\/div><\/div><\/div><\/div><div class=\"bt_bb_separator bt_bb_border_style_none bt_bb_bottom_spacing_normal\" data-bt-override-class=\"null\"><\/div><header class=\"bt_bb_headline bt_bb_dash_none bt_bb_subheadline bt_bb_size_normal bt_bb_align_inherit\" data-bt-override-class=\"{}\"><h4 class=\"bt_bb_headline_tag\"><span class=\"bt_bb_headline_content\"><span><a href=\"https:\/\/bionet.cat\/laboratorio-ambiental\/?lang=es\" target=\"_self\" title=\"Laboratorio ambiental\"><u>Laboratorio ambiental<\/u><\/a><\/span><\/span><\/h4><div class=\"bt_bb_headline_subheadline\">Todo el conocimiento t\u00e9cnico a disposici\u00f3n del protocolo de actuaci\u00f3n<\/div><\/header><div class=\"bt_bb_separator bt_bb_border_style_none bt_bb_bottom_spacing_normal\" data-bt-override-class=\"null\"><\/div><\/div><\/div><\/div><div  class=\"bt_bb_column col-xxl-6 col-xl-6 bt_bb_vertical_align_top bt_bb_align_left bt_bb_padding_text_indent bt_bb_animation_fade_in animate bt_bb_highlight\" style=\"margin-bottom: 20px;; --column-width:6;\" data-width=\"6\" data-bt-override-class=\"{}\"><div class=\"bt_bb_column_content\" style=\"background-color:rgba(255, 255, 255, 1);\"><div class=\"bt_bb_column_content_inner\"><div class=\"bt_bb_image bt_bb_shape_square bt_bb_target_self bt_bb_align_inherit bt_bb_hover_style_simple bt_bb_content_display_show-on-hover bt_bb_content_align_bottom bt_bb_content_exists\" data-bt-override-class=\"{}\"><a href=\"https:\/\/bionet.cat\/incineracion-de-mascotas\/?lang=es\"  target=\"_self\" title=\"Incineracio\"><img loading=\"lazy\" decoding=\"async\" width=\"1200\" height=\"801\" src=\"https:\/\/bionet.cat\/wp-content\/uploads\/2021\/03\/Incineracio-1-1280x854.jpg\" class=\"attachment-large size-large\" alt=\"https:\/\/bionet.cat\/wp-content\/uploads\/2021\/03\/Incineracio-1-1280x854.jpg\" data-full_image_src=\"https:\/\/bionet.cat\/wp-content\/uploads\/2021\/03\/Incineracio-1.jpg\" title=\"Incineracio\" srcset=\"https:\/\/bionet.cat\/wp-content\/uploads\/2021\/03\/Incineracio-1-1280x854.jpg 1280w, https:\/\/bionet.cat\/wp-content\/uploads\/2021\/03\/Incineracio-1-640x427.jpg 640w, https:\/\/bionet.cat\/wp-content\/uploads\/2021\/03\/Incineracio-1-768x512.jpg 768w, https:\/\/bionet.cat\/wp-content\/uploads\/2021\/03\/Incineracio-1-1536x1025.jpg 1536w, https:\/\/bionet.cat\/wp-content\/uploads\/2021\/03\/Incineracio-1-320x213.jpg 320w, https:\/\/bionet.cat\/wp-content\/uploads\/2021\/03\/Incineracio-1.jpg 2000w\" sizes=\"auto, (max-width: 1200px) 100vw, 1200px\" \/><\/a><div class=\"bt_bb_image_content\"  style=\"background-color: rgba(0, 81, 139, 0.8);\"><div class=\"bt_bb_image_content_flex\"><div class=\"bt_bb_image_content_inner\"><div class=\"bt_bb_button bt_bb_color_scheme_11 bt_bb_icon_position_right bt_bb_style_clean bt_bb_size_small bt_bb_width_inline bt_bb_shape_inherit bt_bb_target_self bt_bb_align_inherit\" style=\"; --primary-color:#ffffff; --secondary-color:#00518b;\" data-bt-override-class=\"{}\"><a href=\"#\" target=\"_self\" class=\"bt_bb_link\" title=\"M\u00e9s informaci\u00f3\"><span class=\"bt_bb_button_text\" >M\u00e9s informaci\u00f3<\/span><span  data-ico-fontawesome=\"&#xf101;\" class=\"bt_bb_icon_holder\"><\/span><\/a><\/div><\/div><\/div><\/div><\/div><div class=\"bt_bb_separator bt_bb_border_style_none bt_bb_bottom_spacing_normal\" data-bt-override-class=\"null\"><\/div><header class=\"bt_bb_headline bt_bb_dash_none bt_bb_subheadline bt_bb_size_normal bt_bb_align_inherit\" data-bt-override-class=\"{}\"><h4 class=\"bt_bb_headline_tag\"><span class=\"bt_bb_headline_content\"><span><a href=\"https:\/\/bionet.cat\/incineracion-de-mascotas\/?lang=es\" target=\"_self\" title=\"Incineraci\u00f3n de mascotas\"><u>Incineraci\u00f3n de mascotas<\/u><\/a><\/span><\/span><\/h4><div class=\"bt_bb_headline_subheadline\">Pioneros en productos y servicios destinados al luto de las mascotas<\/div><\/header><div class=\"bt_bb_separator bt_bb_border_style_none bt_bb_bottom_spacing_normal\" data-bt-override-class=\"null\"><\/div><\/div><\/div><\/div><\/div><\/div><div class=\"bt_bb_row  bt_bb_column_gap_10\" style=\"; --column-gap:10px;\" data-bt-override-class=\"{}\"><div class=\"bt_bb_row_holder\" style=\"; 0\"><div  class=\"bt_bb_column col-xxl-6 col-xl-6 bt_bb_vertical_align_top bt_bb_align_left bt_bb_padding_text_indent bt_bb_animation_fade_in animate bt_bb_highlight\" style=\"margin-bottom: 20px;; --column-width:6;\" data-width=\"6\" data-bt-override-class=\"{}\"><div class=\"bt_bb_column_content\" style=\"background-color:rgba(255, 255, 255, 1);\"><div class=\"bt_bb_column_content_inner\"><div class=\"bt_bb_image bt_bb_shape_square bt_bb_target_self bt_bb_align_inherit bt_bb_hover_style_simple bt_bb_content_display_show-on-hover bt_bb_content_align_bottom bt_bb_content_exists\" data-bt-override-class=\"{}\"><a href=\"https:\/\/bionet.cat\/destruccion-confidencial\/?lang=es\"  target=\"_self\" title=\"Documents\"><img loading=\"lazy\" decoding=\"async\" width=\"1200\" height=\"801\" src=\"https:\/\/bionet.cat\/wp-content\/uploads\/2021\/03\/Documents-1280x854.jpg\" class=\"attachment-large size-large\" alt=\"https:\/\/bionet.cat\/wp-content\/uploads\/2021\/03\/Documents-1280x854.jpg\" data-full_image_src=\"https:\/\/bionet.cat\/wp-content\/uploads\/2021\/03\/Documents.jpg\" title=\"Documents\" srcset=\"https:\/\/bionet.cat\/wp-content\/uploads\/2021\/03\/Documents-1280x854.jpg 1280w, https:\/\/bionet.cat\/wp-content\/uploads\/2021\/03\/Documents-640x427.jpg 640w, https:\/\/bionet.cat\/wp-content\/uploads\/2021\/03\/Documents-768x512.jpg 768w, https:\/\/bionet.cat\/wp-content\/uploads\/2021\/03\/Documents-1536x1025.jpg 1536w, https:\/\/bionet.cat\/wp-content\/uploads\/2021\/03\/Documents-320x213.jpg 320w, https:\/\/bionet.cat\/wp-content\/uploads\/2021\/03\/Documents.jpg 2000w\" sizes=\"auto, (max-width: 1200px) 100vw, 1200px\" \/><\/a><div class=\"bt_bb_image_content\"  style=\"background-color: rgba(0, 81, 139, 0.8);\"><div class=\"bt_bb_image_content_flex\"><div class=\"bt_bb_image_content_inner\"><div class=\"bt_bb_button bt_bb_color_scheme_11 bt_bb_icon_position_right bt_bb_style_clean bt_bb_size_small bt_bb_width_inline bt_bb_shape_inherit bt_bb_target_self bt_bb_align_inherit\" style=\"; --primary-color:#ffffff; --secondary-color:#00518b;\" data-bt-override-class=\"{}\"><a href=\"#\" target=\"_self\" class=\"bt_bb_link\" title=\"M\u00e9s informaci\u00f3\"><span class=\"bt_bb_button_text\" >M\u00e9s informaci\u00f3<\/span><span  data-ico-fontawesome=\"&#xf101;\" class=\"bt_bb_icon_holder\"><\/span><\/a><\/div><\/div><\/div><\/div><\/div><div class=\"bt_bb_separator bt_bb_border_style_none bt_bb_bottom_spacing_normal\" data-bt-override-class=\"null\"><\/div><header class=\"bt_bb_headline bt_bb_dash_none bt_bb_subheadline bt_bb_size_normal bt_bb_align_inherit\" data-bt-override-class=\"{}\"><h4 class=\"bt_bb_headline_tag\"><span class=\"bt_bb_headline_content\"><span><a href=\"https:\/\/bionet.cat\/destruccion-confidencial\/?lang=es\" target=\"_self\" title=\"Destrucci\u00f3n confidencial\"><u>Destrucci\u00f3n confidencial<\/u><\/a><\/span><\/span><\/h4><div class=\"bt_bb_headline_subheadline\">Garant\u00eda de destrucci\u00f3n confidencial indescifrable, ilegible e irrecuperable<\/div><\/header><div class=\"bt_bb_separator bt_bb_border_style_none bt_bb_bottom_spacing_normal\" data-bt-override-class=\"null\"><\/div><\/div><\/div><\/div><div  class=\"bt_bb_column col-xxl-6 col-xl-6 bt_bb_vertical_align_top bt_bb_align_left bt_bb_padding_text_indent bt_bb_animation_fade_in animate bt_bb_highlight\" style=\"margin-bottom: 20px;; --column-width:6;\" data-width=\"6\" data-bt-override-class=\"{}\"><div class=\"bt_bb_column_content\" style=\"background-color:rgba(255, 255, 255, 1);\"><div class=\"bt_bb_column_content_inner\"><div class=\"bt_bb_image bt_bb_shape_square bt_bb_target_self bt_bb_align_inherit bt_bb_hover_style_simple bt_bb_content_display_show-on-hover bt_bb_content_align_bottom bt_bb_content_exists\" data-bt-override-class=\"{}\"><a href=\"https:\/\/bionet.cat\/bioseguridad-granjas\/?lang=es\"  target=\"_self\" title=\"Bioseguretat\"><img loading=\"lazy\" decoding=\"async\" width=\"1200\" height=\"801\" src=\"https:\/\/bionet.cat\/wp-content\/uploads\/2021\/03\/Bioseguretat-1280x854.jpg\" class=\"attachment-large size-large\" alt=\"https:\/\/bionet.cat\/wp-content\/uploads\/2021\/03\/Bioseguretat-1280x854.jpg\" data-full_image_src=\"https:\/\/bionet.cat\/wp-content\/uploads\/2021\/03\/Bioseguretat.jpg\" title=\"Bioseguretat\" srcset=\"https:\/\/bionet.cat\/wp-content\/uploads\/2021\/03\/Bioseguretat-1280x854.jpg 1280w, https:\/\/bionet.cat\/wp-content\/uploads\/2021\/03\/Bioseguretat-640x427.jpg 640w, https:\/\/bionet.cat\/wp-content\/uploads\/2021\/03\/Bioseguretat-768x512.jpg 768w, https:\/\/bionet.cat\/wp-content\/uploads\/2021\/03\/Bioseguretat-1536x1025.jpg 1536w, https:\/\/bionet.cat\/wp-content\/uploads\/2021\/03\/Bioseguretat-320x213.jpg 320w, https:\/\/bionet.cat\/wp-content\/uploads\/2021\/03\/Bioseguretat.jpg 2000w\" sizes=\"auto, (max-width: 1200px) 100vw, 1200px\" \/><\/a><div class=\"bt_bb_image_content\"  style=\"background-color: rgba(0, 81, 139, 0.8);\"><div class=\"bt_bb_image_content_flex\"><div class=\"bt_bb_image_content_inner\"><div class=\"bt_bb_button bt_bb_color_scheme_11 bt_bb_icon_position_right bt_bb_style_clean bt_bb_size_small bt_bb_width_inline bt_bb_shape_inherit bt_bb_target_self bt_bb_align_inherit\" style=\"; --primary-color:#ffffff; --secondary-color:#00518b;\" data-bt-override-class=\"{}\"><a href=\"#\" target=\"_self\" class=\"bt_bb_link\" title=\"M\u00e9s informaci\u00f3\"><span class=\"bt_bb_button_text\" >M\u00e9s informaci\u00f3<\/span><span  data-ico-fontawesome=\"&#xf101;\" class=\"bt_bb_icon_holder\"><\/span><\/a><\/div><\/div><\/div><\/div><\/div><div class=\"bt_bb_separator bt_bb_border_style_none bt_bb_bottom_spacing_normal\" data-bt-override-class=\"null\"><\/div><header class=\"bt_bb_headline bt_bb_dash_none bt_bb_subheadline bt_bb_size_normal bt_bb_align_inherit\" data-bt-override-class=\"{}\"><h4 class=\"bt_bb_headline_tag\"><span class=\"bt_bb_headline_content\"><span><a href=\"https:\/\/bionet.cat\/bioseguridad-granjas\/?lang=es\" target=\"_self\" title=\"Bioseguridad en granjas\"><u>Bioseguridad en granjas<\/u><\/a><\/span><\/span><\/h4><div class=\"bt_bb_headline_subheadline\">Especialistas en desinfecci\u00f3n y bioseguridad en el \u00e1mbito ganadero<\/div><\/header><div class=\"bt_bb_separator bt_bb_border_style_none bt_bb_bottom_spacing_normal\" data-bt-override-class=\"null\"><\/div><\/div><\/div><\/div><\/div><\/div><\/div><!-- cell_inner --><\/div><!-- cell --><\/div><!-- port --><\/section>\n","protected":false},"excerpt":{"rendered":"<p>Interactively procrastinate high-payoff content without backward-compatible data. Quickly cultivate optimal processes and tactical architectures. Completely iterate covalent strategic theme areas via accurate e-markets.<\/p>\n","protected":false},"author":1,"featured_media":0,"parent":0,"menu_order":0,"comment_status":"closed","ping_status":"closed","template":"","meta":{"footnotes":""},"class_list":["post-3277","page","type-page","status-publish","hentry"],"_links":{"self":[{"href":"https:\/\/bionet.cat\/es\/wp-json\/wp\/v2\/pages\/3277","targetHints":{"allow":["GET"]}}],"collection":[{"href":"https:\/\/bionet.cat\/es\/wp-json\/wp\/v2\/pages"}],"about":[{"href":"https:\/\/bionet.cat\/es\/wp-json\/wp\/v2\/types\/page"}],"author":[{"embeddable":true,"href":"https:\/\/bionet.cat\/es\/wp-json\/wp\/v2\/users\/1"}],"replies":[{"embeddable":true,"href":"https:\/\/bionet.cat\/es\/wp-json\/wp\/v2\/comments?post=3277"}],"version-history":[{"count":2,"href":"https:\/\/bionet.cat\/es\/wp-json\/wp\/v2\/pages\/3277\/revisions"}],"predecessor-version":[{"id":3280,"href":"https:\/\/bionet.cat\/es\/wp-json\/wp\/v2\/pages\/3277\/revisions\/3280"}],"wp:attachment":[{"href":"https:\/\/bionet.cat\/es\/wp-json\/wp\/v2\/media?parent=3277"}],"curies":[{"name":"wp","href":"https:\/\/api.w.org\/{rel}","templated":true}]}}