{"id":3487,"date":"2022-07-06T12:07:21","date_gmt":"2022-07-06T12:07:21","guid":{"rendered":"https:\/\/bionet.cat\/?page_id=3487"},"modified":"2026-04-09T15:57:21","modified_gmt":"2026-04-09T15:57:21","slug":"politica-de-calidad","status":"publish","type":"page","link":"https:\/\/bionet.cat\/es\/politica-de-calidad\/","title":{"rendered":"Pol\u00edtica de calidad"},"content":{"rendered":"<section id=\"bt_bb_section69ed1ec05c206\" class=\"bt_bb_section bt_bb_layout_boxed_1200\"  data-bt-override-class=\"null\"><div class=\"bt_bb_port\"><div class=\"bt_bb_cell\"><div class=\"bt_bb_cell_inner\"><div class=\"bt_bb_row \"  data-bt-override-class=\"{}\"><div class=\"bt_bb_row_holder\" style=\"; 0\"><div  class=\"bt_bb_column col-xxl-12 col-xl-12 bt_bb_vertical_align_top bt_bb_align_left bt_bb_padding_normal\" style=\"; --column-width:12;\" data-width=\"12\" data-bt-override-class=\"{}\"><div class=\"bt_bb_column_content\"><div class=\"bt_bb_column_content_inner\"><div  class=\"bt_bb_text\" ><\/p>\n<p><strong><b>1. RESPONSABILIDAD SOCIAL CORPORATIVA<\/b><\/strong><\/p>\n<p>Es el compromiso permanente de BIONET BIODIVERSITAT S.L. en su planificaci\u00f3n estrat\u00e9gica. Este modelo de gesti\u00f3n nos permitir\u00e1 contribuir al desarrollo econ\u00f3mico, desde una perspectiva \u00e9tica, responsable y sostenible.<\/p>\n<p>Queremos mejorar la calidad de vida de nuestro equipo y sus familias, y establecer v\u00ednculos de cooperaci\u00f3n y colaboraci\u00f3n bidireccionales con la comunidad local y nuestros principales agentes de inter\u00e9s.<\/p>\n<p>Vigilancia y cumplimiento de la legislaci\u00f3n vigente aplicable a todas las actividades que desarrollamos.<\/p>\n<p>BIONET BIODIVERSITAT S.L. mantiene un firme compromiso con la \u00e9tica corporativa, promoviendo una conducta integra, responsable y transparente tanto en las relaciones internas como en todas las interacciones con clientes, proveedores y colaboradores externos.<\/p>\n<p><b>2. DIRECTRICES DE CALIDAD<\/b><\/p>\n<p>Como empresa distribuidora comercial nuestro objetivo es conseguir la m\u00e1xima satisfacci\u00f3n y fidelizaci\u00f3n de los clientes y proveedores, estableciendo relaciones estables de comunicaci\u00f3n.<\/p>\n<p>El compromiso de aportar los recursos necesarios para estimular la cultura de la innovaci\u00f3n, la flexibilidad y la voluntad de mejora continua, que deben permitir dar soluciones a los retos de la reproducci\u00f3n animal, la distribuci\u00f3n veterinaria y la bioseguridad.<\/p>\n<p>Optimizar el rendimiento de todos nuestros procesos internos con el objetivo de lograr una mayor eficiencia en todas las actividades desarrolladas.<\/p>\n<p>El capital humano y tecnol\u00f3gico constituir\u00e1n el principal valor a\u00f1adido de nuestra organizaci\u00f3n.<\/p>\n<p>La consecuci\u00f3n del resultado econ\u00f3mico esperado por las personas accionistas y propietarias de la organizaci\u00f3n.<\/p>\n<p><strong><b>3. DIRECTRICES MEDIOAMBIENTALES<\/b><\/strong><\/p>\n<p>Establecer las medidas adecuadas para reducir y prevenir la contaminaci\u00f3n ambiental tanto en nuestras explotaciones ganaderas como las instalaciones de El Maci\u00e0 y el Centro Log\u00edstico.<\/p>\n<p>Implantar las medidas necesarias, dirigidas a la minimizaci\u00f3n del impacto ambiental de nuestras actividades, impulsar el ahorro y la eficiencia energ\u00e9tica y hacer un aprovechamiento sostenible de los recursos naturales.<\/p>\n<p>Promover y divulgar buenas pr\u00e1cticas ambientales entre nuestro equipo, clientes o proveedores, por medio de la sensibilizaci\u00f3n y la informaci\u00f3n.<\/p>\n<p><strong><b>4. DIRECTRICES DE PREVENCI\u00d3N Y SEGURIDAD LABORAL<\/b><\/strong><\/p>\n<p>Compromiso de prevenci\u00f3n de da\u00f1os y deterioro de la salud, alcanzando un elevado nivel de seguridad y salud en el trabajo en nuestras instalaciones, bajo la premisa de que todos los accidentes, incidentes y enfermedades profesionales podemos evitarlas.<\/p>\n<p>Coordinar la acci\u00f3n preventiva con nuestras personas colaboradoras y profesionales externos para garantizar la m\u00e1xima seguridad en el desarrollo de actividades conjuntas en El Maci\u00e0 y en nuestros Centros.<\/p>\n<p>Hacer participar al equipo de forma activa en pro de la seguridad laboral, la prevenci\u00f3n de riesgos, la vigilancia de la salud y en la adopci\u00f3n de buenas pr\u00e1cticas saludables.<\/p>\n<p><strong><b>5. DIRECTRICES R+D+I<\/b><\/strong><\/p>\n<p>Establecer los mecanismos adecuados para incentivar, implicar y hacer part\u00edcipes a nuestros trabajadores en los procesos de innovaci\u00f3n y mejora empresarial bajo la premisa de que cada idea, aportaci\u00f3n o iniciativa, cuenta; cultura de la Innovaci\u00f3n.<\/p>\n<p>Potenciar el conocimiento y talento interno de la empresa a partir del desarrollo de proyectos y b\u00fasqueda, capaces de provocar un impacto o retorno positivo, diferido hacia la sociedad.<\/p>\n<p>Integrar y estructurar esta Cultura de la Innovaci\u00f3n en un proceso normalizado, seg\u00fan los sistemas de gesti\u00f3n, con un objetivo de mejora continua.<\/p>\n<p>BIONET BIODIVERSITAT S.L.\u00a0aplica esta Pol\u00edtica Integrada seg\u00fan modelos de gesti\u00f3n sistematizados basados en la mejora continua. El alcance de estos sistemas engloba las actividades de producci\u00f3n de dosis seminales, la distribuci\u00f3n de productos zoosanitarios y material veterinario, as\u00ed como los servicios para la bioseguridad, y la Investigaci\u00f3n e Innovaci\u00f3n en proyectos del \u00e1mbito de la gen\u00e9tica, trazabilidad y bioseguridad animal.<\/p>\n<p>\u00daltima actualizaci\u00f3n: 15\/01\/2025<\/p>\n<p>\n<\/div><\/div><\/div><\/div><\/div><\/div><\/div><!-- cell_inner --><\/div><!-- cell --><\/div><!-- port --><\/section>\n","protected":false},"excerpt":{"rendered":"","protected":false},"author":6,"featured_media":0,"parent":0,"menu_order":0,"comment_status":"closed","ping_status":"closed","template":"","meta":{"footnotes":""},"class_list":["post-3487","page","type-page","status-publish","hentry"],"_links":{"self":[{"href":"https:\/\/bionet.cat\/es\/wp-json\/wp\/v2\/pages\/3487","targetHints":{"allow":["GET"]}}],"collection":[{"href":"https:\/\/bionet.cat\/es\/wp-json\/wp\/v2\/pages"}],"about":[{"href":"https:\/\/bionet.cat\/es\/wp-json\/wp\/v2\/types\/page"}],"author":[{"embeddable":true,"href":"https:\/\/bionet.cat\/es\/wp-json\/wp\/v2\/users\/6"}],"replies":[{"embeddable":true,"href":"https:\/\/bionet.cat\/es\/wp-json\/wp\/v2\/comments?post=3487"}],"version-history":[{"count":8,"href":"https:\/\/bionet.cat\/es\/wp-json\/wp\/v2\/pages\/3487\/revisions"}],"predecessor-version":[{"id":4148,"href":"https:\/\/bionet.cat\/es\/wp-json\/wp\/v2\/pages\/3487\/revisions\/4148"}],"wp:attachment":[{"href":"https:\/\/bionet.cat\/es\/wp-json\/wp\/v2\/media?parent=3487"}],"curies":[{"name":"wp","href":"https:\/\/api.w.org\/{rel}","templated":true}]}}