{"id":3903,"date":"2024-01-17T12:04:07","date_gmt":"2024-01-17T12:04:07","guid":{"rendered":"https:\/\/bionet.cat\/?page_id=3903"},"modified":"2025-01-15T17:21:56","modified_gmt":"2025-01-15T17:21:56","slug":"politica-de-cookies","status":"publish","type":"page","link":"https:\/\/bionet.cat\/es\/politica-de-cookies\/","title":{"rendered":"Pol\u00edtica de cookies"},"content":{"rendered":"<section data-bb-version=\"4.7.6\" id=\"bt_bb_section69e16faceb1e9\" class=\"bt_bb_section bt_bb_layout_boxed_1200\"  data-bt-override-class=\"null\"><div class=\"bt_bb_port\"><div class=\"bt_bb_cell\"><div class=\"bt_bb_cell_inner\"><div class=\"bt_bb_row \"  data-bt-override-class=\"{}\"><div class=\"bt_bb_row_holder\" style=\"; 0\"><div data-bb-version=\"4.7.6\"  class=\"bt_bb_column col-xxl-12 col-xl-12 bt_bb_vertical_align_top bt_bb_align_left bt_bb_padding_normal\" style=\"; --column-width:12;\" data-width=\"12\" data-bt-override-class=\"{}\"><div class=\"bt_bb_column_content\"><div class=\"bt_bb_column_content_inner\"><div data-bb-version=\"4.7.6\"  class=\"bt_bb_text\" ><\/p>\n<p>Esta pol\u00edtica de cookies tiene por finalidad informar de manera clara y precisa sobre las cookies que se utilizan en nuestra web.<\/p>\n<p>Utilizamos cookies propias y de terceros para mejorar nuestros servicios, personalizar nuestro sitio web, facilitar la navegaci\u00f3n de nuestras personas usuarias, proporcionar una mejor experiencia en el uso del sitio web, identificar problemas para mejorar el mismo, hacer mediciones y estad\u00edsticas de uso y mostrar publicidad relacionada con las preferencias de la persona usuaria mediante el an\u00e1lisis del uso del sitio web.<\/p>\n<p>Le informamos de que podemos utilizar cookies en su equipo a condici\u00f3n de que la persona usuaria haya dado su consentimiento, salvo en los supuestos en los que las cookies sean necesarias para la navegaci\u00f3n por nuestro sitio web. En caso de que preste su consentimiento, podremos utilizar cookies que nos permitir\u00e1n tener m\u00e1s informaci\u00f3n acerca de sus preferencias y personalizar nuestro sitio web de conformidad con sus intereses individuales.<\/p>\n<p class=\"p1\"><b>1. \u00bfQU\u00c9 SON LAS COOKIES?<\/b><\/p>\n<p class=\"p2\">Las cookies y otras tecnolog\u00edas similares tales como local shared objects, flash cookies o p\u00edxeles, son herramientas empleadas por los servidores Web para almacenar y recuperar informaci\u00f3n acerca de sus visitantes, as\u00ed como para ofrecer un correcto funcionamiento del sitio.<\/p>\n<p class=\"p1\"><b>2. TIPOS DE COOKIES<\/b><\/p>\n<p><strong>Tipos de cookies en funci\u00f3n de la entidad que las gestione:\u00a0<\/strong><\/p>\n<p>\u2022\u00a0<strong><b>Cookies propias:<\/b><\/strong>\u00a0son aquellas que se env\u00edan al equipo terminal de la persona usuaria desde un equipo o dominio gestionado por el titular de la p\u00e1gina web y desde la que se presta el servicio solicitado por el usuario.<\/p>\n<p>\u2022\u00a0<strong><b>Cookies de terceros:<\/b><\/strong>\u00a0son aquellas que se env\u00edan al equipo terminal de la persona usuaria desde un equipo o dominio que no es gestionado el titular de la p\u00e1gina web desde la que se presta el servicio solicitado por la persona usuaria, sino por otra entidad que trata los datos obtenidos trav\u00e9s de las cookies. Asimismo, en el caso de que las cookies sean instaladas desde un equipo o dominio gestionado por el propio titular del sitio Web pero la informaci\u00f3n que se recoja mediante estas sea gestionada por un tercero, tambi\u00e9n ser\u00e1n consideradas como cookies de terceros.<\/p>\n<p><strong>Tipos de cookies seg\u00fan la finalidad:<\/strong><\/p>\n<p>\u2022\u00a0<strong><b>Cookies t\u00e9cnicas:<\/b><\/strong>\u00a0son aquellas que permiten a la persona usuaria la navegaci\u00f3n a trav\u00e9s de una p\u00e1gina web, plataforma o aplicaci\u00f3n y la utilizaci\u00f3n de las diferentes opciones o servicios que en ella existan, incluyendo aquellas que el editor utiliza para permitir la gesti\u00f3n y operativa de la p\u00e1gina web y habilitar sus funciones y servicios, como, por ejemplo, controlar el tr\u00e1fico y la comunicaci\u00f3n de datos, identificar la sesi\u00f3n, acceder a partes de acceso restringido, recordar los elementos que integran un pedido, realizar el proceso de compra de un pedido, gestionar el pago, controlar el fraude vinculado a la seguridad del servicio, realizar la solicitud de inscripci\u00f3n o participaci\u00f3n en un evento, contar visitas a efectos de la facturaci\u00f3n de licencias del software con el que funciona el servicio (sitio web, plataforma o aplicaci\u00f3n), utilizar elementos de seguridad durante la navegaci\u00f3n, almacenar contenidos para la difusi\u00f3n de v\u00eddeos o sonido, habilitar contenidos din\u00e1micos (por ejemplo, animaci\u00f3n de carga de un texto o imagen) o compartir contenidos a trav\u00e9s de redes sociales.<\/p>\n<p>Tambi\u00e9n pertenecen a esta categor\u00eda, por su naturaleza t\u00e9cnica, aquellas cookies que permiten la gesti\u00f3n, de la forma m\u00e1s eficaz posible, de los espacios publicitarios que, como un elemento m\u00e1s de dise\u00f1o o \u201cmaquetaci\u00f3n\u201d del servicio ofrecido a la persona usuaria, el editor haya incluido en una p\u00e1gina web, aplicaci\u00f3n o plataforma en base a criterios como el contenido editado, sin que se recopile informaci\u00f3n de las personas usuarias con fines distintos, como puede ser personalizar ese contenido publicitario u otros contenidos.<\/p>\n<p>\u2022\u00a0<b>Cookies de preferencias o personalizaci\u00f3n:<\/b>\u00a0son aquellas que permiten recordar informaci\u00f3n para que la persona usuaria acceda al servicio con determinadas caracter\u00edsticas que pueden diferenciar su experiencia de la de otras personas usuarias, como, por ejemplo, el idioma, el n\u00famero de resultados a mostrar cuando la persona usuaria realiza una b\u00fasqueda, el aspecto o contenido del servicio en funci\u00f3n del tipo de navegador a trav\u00e9s del cual la persona usuaria accede al servicio o de la regi\u00f3n desde la que accede al servicio, etc.<\/p>\n<p>\u2022\u00a0<strong><b>Cookies de an\u00e1lisis o medici\u00f3n:<\/b><\/strong>\u00a0son aquellas que permiten al responsable de las mismas el seguimiento y an\u00e1lisis del comportamiento de las personas usuarias de los sitios web a los que est\u00e1n vinculadas, incluida la cuantificaci\u00f3n de los impactos de los anuncios. La informaci\u00f3n recogida mediante este tipo de cookies se utiliza en la medici\u00f3n de la actividad de los sitios web, aplicaci\u00f3n o plataforma, con el fin de introducir mejoras en funci\u00f3n del an\u00e1lisis de los datos de uso que hacen las personas usuarias del servicio.<\/p>\n<p>\u2022\u00a0<strong><b>Cookies de publicidad comportamental:<\/b><\/strong>\u00a0son aquellas que permiten la gesti\u00f3n, de la forma m\u00e1s eficaz posible, de los espacios publicitarios que hay en la p\u00e1gina web. Estas cookies almacenan informaci\u00f3n del comportamiento de las personas usuarias obtenida a trav\u00e9s de la observaci\u00f3n continuada de sus h\u00e1bitos de navegaci\u00f3n, lo que permite desarrollar un perfil espec\u00edfico para mostrar publicidad en funci\u00f3n de este.<\/p>\n<p>\u2022\u00a0<b><strong>Cookies de geolocalizaci\u00f3n:<\/strong><\/b>\u00a0se utilizan para saber en qu\u00e9 lugar se encuentra la persona usuaria cuando solicita un servicio. Esta cookie es an\u00f3nima y se usa por ejemplo para ofrecerle la informaci\u00f3n adecuada dependiendo del pa\u00eds en el que se encuentre.<\/p>\n<p><strong>Tipos de cookies seg\u00fan plazo de tiempo que permanecen activadas:<\/strong><\/p>\n<p>\u2022\u00a0<strong><b>Cookies de sesi\u00f3n:<\/b><\/strong>\u00a0son aquellas dise\u00f1adas para recabar y almacenar datos mientras la persona usuaria accede a una p\u00e1gina web. Se suelen emplear para almacenar informaci\u00f3n que solo interesa conservar para la prestaci\u00f3n del servicio solicitado por la persona usuaria en una sola ocasi\u00f3n (por ejemplo, una lista de productos adquiridos) y desaparecen al terminar la sesi\u00f3n.<\/p>\n<p>\u2022\u00a0<strong><b>Cookies persistentes:<\/b><\/strong>\u00a0son aquellas en las que los datos siguen almacenados en el terminal y pueden ser accedidos y tratados durante un periodo definido por el responsable de la cookie, y que puede ir de unos minutos a varios a\u00f1os.<\/p>\n<p><b>3. COOKIES UTILIZADAS EN NUESTRA WEB<\/b><\/p>\n<p><em>(Listado de los nombres de las cookies, tipo, titular, funci\u00f3n y vencimiento) por ejemplo:<\/em><\/p>\n<table width=\"100%\">\n<thead>\n<tr>\n<td><strong>Denominaci\u00f3n<\/strong><\/td>\n<td><strong>Titular<\/strong><\/td>\n<td><strong>Duraci\u00f3n<\/strong><\/td>\n<td><strong>Finalidad<\/strong><\/td>\n<\/tr>\n<tr>\n<td>\n<table width=\"100%\">\n<tbody>\n<tr>\n<td>1P_JAR<\/td>\n<\/tr>\n<\/tbody>\n<\/table>\n<\/td>\n<td>\n<table width=\"100%\">\n<tbody>\n<tr>\n<td>Google Adwords<\/td>\n<\/tr>\n<\/tbody>\n<\/table>\n<\/td>\n<td>Persistente<\/td>\n<td>Finalidad publicitaria.<\/td>\n<\/tr>\n<tr>\n<td>s_vi<\/td>\n<td>Adobe Analytics<\/td>\n<td>1 d\u00eda<\/td>\n<td>Marca de fecha y hora del identificador de la persona visitante \u00fanica.<\/td>\n<\/tr>\n<tr>\n<td>PHPSESSID<\/td>\n<td>Cookie T\u00e9cnica<\/td>\n<td>Sesi\u00f3n<\/td>\n<td>Contiene el identificador de la sesi\u00f3n. Se elimina al cerrar el navegador.<\/td>\n<\/tr>\n<\/thead>\n<\/table>\n<p><b>4. \u00bfC\u00d3MO SE DESHABILITAN LAS COOKIES EN LOS NAVEGADORES?<\/b><\/p>\n<div>\n<p>La persona usuaria puede, en cualquier momento, permitir, bloquear o eliminar las cookies instaladas en su equipo mediante la modificaci\u00f3n de los par\u00e1metros de configuraci\u00f3n del navegador instalado en su ordenador:<\/p>\n<p>\u2022\u00a0<a href=\"https:\/\/support.google.com\/chrome\/answer\/95647?hl=es&amp;sc_ref_bbva=https%3A%2F%2Fwww.bbva.es%2Fsistema%2Fmeta%2Faviso-legal%2Findex.jsp\" target=\"_blank\" rel=\"noopener\">Chrome<\/a>\u00a0Configuraci\u00f3n -&gt; Mostrar opciones avanzadas -&gt; Privacidad -&gt; Configuraci\u00f3n del contenido.<br \/>\nPara m\u00e1s informaci\u00f3n, puede consultar\u00a0<a href=\"https:\/\/support.google.com\/chrome\/answer\/95647?hl=es&amp;ref_topic=3434352\" target=\"_blank\" rel=\"noopener\">el soporte de Google<\/a>\u00a0o la Ayuda del navegador.<\/p>\n<p>\u2022\u00a0<a href=\"https:\/\/www.microsoft.com\/es-es\/edge\" target=\"_blank\" rel=\"noopener\">Edge<\/a>\u00a0Herramientas -&gt; Opciones de Internet -&gt; Privacidad -&gt; Configuraci\u00f3n.<br \/>\nPara m\u00e1s informaci\u00f3n, puede consultar\u00a0<a href=\"http:\/\/windows.microsoft.com\/es-es\/internet-explorer\/delete-managecookies#ie=ie-11\" target=\"_blank\" rel=\"noopener\">el soporte de Microsoft<\/a>\u00a0o la Ayuda del navegador.<\/p>\n<p>\u2022\u00a0<a href=\"http:\/\/support.mozilla.org\/es\/kb\/habilitar-y-deshabilitar-cookies-que-los-sitios-we?sc_ref_bbva=https%3A%2F%2Fwww.bbva.es%2Fsistema%2Fmeta%2Faviso-legal%2Findex.jsp\" target=\"_blank\" rel=\"noopener\">Firefox<\/a>: Herramientas -&gt;Opciones -&gt; Privacidad -&gt; Historial -&gt; Configuraci\u00f3n Personalizada.<br \/>\nPara m\u00e1s informaci\u00f3n, puede consultar\u00a0<a href=\"https:\/\/support.mozilla.org\/es\/\" target=\"_blank\" rel=\"noopener\">el soporte de Mozilla<\/a>\u00a0o la Ayuda del navegador.<\/p>\n<p>\u2022\u00a0<a href=\"http:\/\/support.apple.com\/kb\/ph5042?sc_ref_bbva=https%3A%2F%2Fwww.bbva.es%2Fsistema%2Fmeta%2Faviso-legal%2Findex.jsp\" target=\"_blank\" rel=\"noopener\">Safari<\/a>\u00a0Preferencias -&gt; Seguridad.<br \/>\nPara m\u00e1s informaci\u00f3n, puede consultar\u00a0<a href=\"https:\/\/support.apple.com\/es-es\/HT201265\" target=\"_blank\" rel=\"noopener\">el soporte de Apple<\/a>\u00a0o la Ayuda del navegador<\/p>\n<p>La desactivaci\u00f3n de las cookies no impide la navegaci\u00f3n por el sitio web, aunque el uso de algunos de sus servicios podr\u00e1 ser limitado y, por tanto, su experiencia de navegaci\u00f3n podr\u00e1 ser menos satisfactoria.<\/p>\n<\/div>\n<p>&nbsp;<\/p>\n<p class=\"cookie-policy-p\"><b>5. RETIRAR EL CONSENTIMIENTO<\/b><\/p>\n<p>La persona usuaria podr\u00e1 retirar en cualquier momento su consentimiento relacionado con la Pol\u00edtica de Cookies, y podr\u00e1 eliminar las cookies almacenadas en su equipo a trav\u00e9s de los ajustes y configuraciones de su navegador de Internet, indicados anteriormente, as\u00ed como accediendo a nuestro panel de configuraci\u00f3n.<\/p>\n<p>La presente Pol\u00edtica de Cookies se podr\u00e1 modificar cuando as\u00ed lo exija la legislaci\u00f3n vigente en cada momento o cuando hubiera alguna variaci\u00f3n en el tipo de cookies utilizadas en el sitio web. Por ello, le recomendamos revisar esta pol\u00edtica cada vez que acceda a nuestro sitio web con el objetivo de estar adecuadamente informado sobre c\u00f3mo y para qu\u00e9 usamos las cookies.<\/p>\n<p><em>\u00daltima actualizaci\u00f3n: 15\/01\/2025<\/em><\/p>\n<p>\n<\/div><\/div><\/div><\/div><\/div><\/div><\/div><!-- cell_inner --><\/div><!-- cell --><\/div><!-- port --><\/section>\n","protected":false},"excerpt":{"rendered":"","protected":false},"author":8,"featured_media":0,"parent":0,"menu_order":0,"comment_status":"closed","ping_status":"closed","template":"","meta":{"footnotes":""},"class_list":["post-3903","page","type-page","status-publish","hentry"],"_links":{"self":[{"href":"https:\/\/bionet.cat\/es\/wp-json\/wp\/v2\/pages\/3903","targetHints":{"allow":["GET"]}}],"collection":[{"href":"https:\/\/bionet.cat\/es\/wp-json\/wp\/v2\/pages"}],"about":[{"href":"https:\/\/bionet.cat\/es\/wp-json\/wp\/v2\/types\/page"}],"author":[{"embeddable":true,"href":"https:\/\/bionet.cat\/es\/wp-json\/wp\/v2\/users\/8"}],"replies":[{"embeddable":true,"href":"https:\/\/bionet.cat\/es\/wp-json\/wp\/v2\/comments?post=3903"}],"version-history":[{"count":4,"href":"https:\/\/bionet.cat\/es\/wp-json\/wp\/v2\/pages\/3903\/revisions"}],"predecessor-version":[{"id":3996,"href":"https:\/\/bionet.cat\/es\/wp-json\/wp\/v2\/pages\/3903\/revisions\/3996"}],"wp:attachment":[{"href":"https:\/\/bionet.cat\/es\/wp-json\/wp\/v2\/media?parent=3903"}],"curies":[{"name":"wp","href":"https:\/\/api.w.org\/{rel}","templated":true}]}}