{"id":3927,"date":"2024-03-19T17:24:04","date_gmt":"2024-03-19T17:24:04","guid":{"rendered":"https:\/\/bionet.cat\/canal-de-denuncia-i-codi-etic\/"},"modified":"2026-03-18T16:05:42","modified_gmt":"2026-03-18T16:05:42","slug":"codi-etic","status":"publish","type":"page","link":"https:\/\/bionet.cat\/es\/codi-etic\/","title":{"rendered":"C\u00f3digo \u00e9tico"},"content":{"rendered":"<section data-bb-version=\"4.7.6\" id=\"bt_bb_section69f216cb0fe12\" class=\"bt_bb_section bt_bb_layout_boxed_1200 bt_bb_vertical_align_top bt_bb_top_spacing_normal bt_bb_bottom_spacing_normal\"  data-bt-override-class=\"null\"><div class=\"bt_bb_port\"><div class=\"bt_bb_cell\"><div class=\"bt_bb_cell_inner\"><div class=\"bt_bb_row \"  data-bt-override-class=\"{}\"><div class=\"bt_bb_row_holder\" style=\"; 0\"><div data-bb-version=\"4.7.6\"  class=\"bt_bb_column col-xxl-12 col-xl-12 bt_bb_vertical_align_top bt_bb_align_left bt_bb_padding_double\" style=\"; --column-width:12;\" data-width=\"12\" data-bt-override-class=\"{}\"><div class=\"bt_bb_column_content\"><div class=\"bt_bb_column_content_inner\"><div data-bb-version=\"4.7.6\"  class=\"bt_bb_text\" ><\/p>\n<p>\n<strong>C\u00d3DIGO \u00c9TICO<\/strong><\/p>\n<p>La reputaci\u00f3n de prestigio y calidad que venimos construyendo desde nuestro origen responde a una tarea colectiva y diaria que debemos cuidar todas y cada una de las personas que formamos parte del proyecto BIONET BIODIVERSITAT S.L.. De nuestro compromiso y responsabilidad individual con estos principios y valores depende la buena marcha de la organizaci\u00f3n.<\/p>\n<p>Actuar con integridad es m\u00e1s que proteger la imagen y la reputaci\u00f3n de nuestra empresa, es tambi\u00e9n mantener un lugar donde todos\/as estamos orgullosos\/as de trabajar. Por ello, BIONET BIODIVERSITAT S.L. ha elaborado este C\u00f3digo que a trav\u00e9s de nuestros valores y principios b\u00e1sicos define las pautas de comportamiento que hacen de nuestra compa\u00f1\u00eda un lugar donde sentirse orgulloso de pertenecer.<\/p>\n<p>Esto significa actuar con honestidad y tratar cada uno de nosotros, nuestros clientes\/as, accionistas y proveedores\/as de manera justa y con dignidad. Por lo tanto, todos los\/as empleados\/as, colaboradores\/as y miembros de los \u00f3rganos de gobierno de administraci\u00f3n de la compa\u00f1\u00eda, as\u00ed como personas en general que trabajen o presten sus servicios en BIONET BIODIVERSITAT S.L. estamos obligados a cumplirlo, a fomentar su difusi\u00f3n y a integrarlo en el d\u00eda a d\u00eda de nuestra actividad.<\/p>\n<p><a href=\"https:\/\/bionet.cat\/wp-content\/uploads\/2024\/03\/PG-HUM-CE-Codigo-Etico-Grup-Gepork_vs0_Cast_aprovat.pdf\">C\u00f3digo \u00c9tico<\/a><\/p>\n<p><em>\u00daltima actualizaci\u00f3n: 15\/01\/2025<\/em><\/p>\n<p>&nbsp;<\/p>\n<p>\n<\/div><\/div><\/div><\/div><\/div><\/div><\/div><!-- cell_inner --><\/div><!-- cell --><\/div><!-- port --><\/section>\n","protected":false},"excerpt":{"rendered":"","protected":false},"author":1,"featured_media":0,"parent":0,"menu_order":0,"comment_status":"closed","ping_status":"closed","template":"","meta":{"footnotes":""},"class_list":["post-3927","page","type-page","status-publish","hentry"],"_links":{"self":[{"href":"https:\/\/bionet.cat\/es\/wp-json\/wp\/v2\/pages\/3927","targetHints":{"allow":["GET"]}}],"collection":[{"href":"https:\/\/bionet.cat\/es\/wp-json\/wp\/v2\/pages"}],"about":[{"href":"https:\/\/bionet.cat\/es\/wp-json\/wp\/v2\/types\/page"}],"author":[{"embeddable":true,"href":"https:\/\/bionet.cat\/es\/wp-json\/wp\/v2\/users\/1"}],"replies":[{"embeddable":true,"href":"https:\/\/bionet.cat\/es\/wp-json\/wp\/v2\/comments?post=3927"}],"version-history":[{"count":9,"href":"https:\/\/bionet.cat\/es\/wp-json\/wp\/v2\/pages\/3927\/revisions"}],"predecessor-version":[{"id":4141,"href":"https:\/\/bionet.cat\/es\/wp-json\/wp\/v2\/pages\/3927\/revisions\/4141"}],"wp:attachment":[{"href":"https:\/\/bionet.cat\/es\/wp-json\/wp\/v2\/media?parent=3927"}],"curies":[{"name":"wp","href":"https:\/\/api.w.org\/{rel}","templated":true}]}}