{"id":3973,"date":"2024-11-22T11:52:55","date_gmt":"2024-11-22T11:52:55","guid":{"rendered":"https:\/\/bionet.cat\/treballa-amb-nosaltres\/"},"modified":"2024-11-22T14:30:57","modified_gmt":"2024-11-22T14:30:57","slug":"trabaja-con-nosotros","status":"publish","type":"page","link":"https:\/\/bionet.cat\/es\/trabaja-con-nosotros\/","title":{"rendered":"Trabaja con nosotros"},"content":{"rendered":"<section id=\"bt_bb_section69d5887436d56\" class=\"bt_bb_section bt_bb_layout_boxed_1200 bt_bb_vertical_align_top bt_bb_top_spacing_large bt_bb_bottom_spacing_large\"  data-bt-override-class=\"null\"><div class=\"bt_bb_port\"><div class=\"bt_bb_cell\"><div class=\"bt_bb_cell_inner\"><div class=\"bt_bb_row \"  data-bt-override-class=\"{}\"><div class=\"bt_bb_row_holder\" style=\"; 0\"><div  class=\"bt_bb_column col-xxl-6 col-xl-6 bt_bb_vertical_align_top bt_bb_align_center bt_bb_padding_normal bt_bb_animation_fade_in animate\" style=\"; --column-width:6;\" data-width=\"6\" data-bt-override-class=\"{}\"><div class=\"bt_bb_column_content\"><div class=\"bt_bb_column_content_inner\"><header data-bb-version=\"5.1.3\" class=\"bt_bb_headline bt_bb_dash_top bt_bb_superheadline bt_bb_subheadline bt_bb_size_large bt_bb_align_inherit\" data-bt-override-class=\"{&quot;bt_bb_size_&quot;:{&quot;current_class&quot;:&quot;bt_bb_size_large&quot;,&quot;def&quot;:&quot;large&quot;},&quot;bt_bb_align_&quot;:{&quot;current_class&quot;:&quot;bt_bb_align_inherit&quot;,&quot;def&quot;:&quot;inherit&quot;}}\"><h2 class=\"bt_bb_headline_tag\"><span class=\"bt_bb_headline_superheadline\">CONTACTEU AMB NOSALTRES<\/span><span class=\"bt_bb_headline_content\"><span><b>Trabaja con<\/b> <u>nosotros<\/u><\/span><\/span><\/h2><div class=\"bt_bb_headline_subheadline\">Estamos buscando personas apasionadas y con talento para formar parte de nuestro equipo. Si te gusta trabajar en un entorno din\u00e1mico e innovador, completa este formulario.<\/div><\/header><div class=\"bt_bb_separator bt_bb_border_style_solid bt_bb_top_spacing_medium bt_bb_bottom_spacing_medium\" style=\"; border-width: 2px\" data-bt-override-class=\"null\"><\/div><div class=\" bt_bb_row_inner\"   data-bt-override-class=\"{}\"><div class=\"bt_bb_row_inner_holder\" style=\"; 0\" ><div  class=\"bt_bb_column_inner col-xxl-4 col-xl-4 bt_bb_vertical_align_top bt_bb_align_center bt_bb_padding_normal\"  data-width=\"4\" data-bt-override-class=\"{}\"><div class=\"bt_bb_column_inner_content\"><div class=\"bt_bb_column_inner_content_inner\"><div data-bb-version=\"5.1.3\" class=\"bt_bb_service bt_bb_color_scheme_4 bt_bb_style_borderless bt_bb_shape_circle bt_bb_size_large bt_bb_align_inherit\" style=\"; --service-primary-color:#c6d41a; --service-secondary-color:#ffffff;\" data-bt-override-class=\"null\"><span  data-ico-fontawesome5solid=\"&#xf015;\" class=\"bt_bb_icon_holder\"><\/span><div class=\"bt_bb_service_content\"><div class=\"bt_bb_service_content_title\"><u>Direcci\u00f3n<\/u><\/div><div class=\"bt_bb_service_content_text\">Finca El Maci\u00e0 s\/n<br \/><br \/>\n08510 Masies de Roda<\/div><\/div><\/div><div class=\"bt_bb_separator bt_bb_border_style_none bt_bb_bottom_spacing_normal\" data-bt-override-class=\"null\"><\/div><\/div><\/div><\/div><div  class=\"bt_bb_column_inner col-xxl-4 col-xl-4 bt_bb_vertical_align_top bt_bb_align_center bt_bb_padding_normal\"  data-width=\"4\" data-bt-override-class=\"{}\"><div class=\"bt_bb_column_inner_content\"><div class=\"bt_bb_column_inner_content_inner\"><div data-bb-version=\"5.1.3\" class=\"bt_bb_service bt_bb_color_scheme_4 bt_bb_style_borderless bt_bb_shape_circle bt_bb_size_large bt_bb_align_inherit\" style=\"; --service-primary-color:#c6d41a; --service-secondary-color:#ffffff;\" data-bt-override-class=\"null\"><span  data-ico-fontawesome5solid=\"&#xf879;\" class=\"bt_bb_icon_holder\"><\/span><div class=\"bt_bb_service_content\"><div class=\"bt_bb_service_content_title\"><u>Tel\u00e9fono<\/u><\/div><div class=\"bt_bb_service_content_text\">938 543 976<\/div><\/div><\/div><div class=\"bt_bb_separator bt_bb_border_style_none bt_bb_bottom_spacing_normal\" data-bt-override-class=\"null\"><\/div><\/div><\/div><\/div><div  class=\"bt_bb_column_inner col-xxl-4 col-xl-4 bt_bb_vertical_align_top bt_bb_align_center bt_bb_padding_normal\"  data-width=\"4\" data-bt-override-class=\"{}\"><div class=\"bt_bb_column_inner_content\"><div class=\"bt_bb_column_inner_content_inner\"><div data-bb-version=\"5.1.3\" class=\"bt_bb_service bt_bb_color_scheme_4 bt_bb_style_borderless bt_bb_shape_circle bt_bb_size_large bt_bb_align_inherit\" style=\"; --service-primary-color:#c6d41a; --service-secondary-color:#ffffff;\" data-bt-override-class=\"null\"><span  data-ico-fontawesome5solid=\"&#xf674;\" class=\"bt_bb_icon_holder\"><\/span><div class=\"bt_bb_service_content\"><div class=\"bt_bb_service_content_title\"><u>Correo electr\u00f3nico<\/u><\/div><div class=\"bt_bb_service_content_text\">bionet@bionet.cat<\/div><\/div><\/div><div class=\"bt_bb_separator bt_bb_border_style_none bt_bb_bottom_spacing_normal\" data-bt-override-class=\"null\"><\/div><\/div><\/div><\/div><\/div><\/div><div class=\"bt_bb_separator bt_bb_border_style_none bt_bb_bottom_spacing_medium bt_bb_hidden_md bt_bb_hidden_lg\" data-bt-override-class=\"null\"><\/div><\/div><\/div><\/div><div  class=\"bt_bb_column col-xxl-6 col-xl-6 bt_bb_vertical_align_top bt_bb_align_left bt_bb_padding_double bt_bb_animation_fade_in move_up animate\" style=\"; --column-width:6;\" data-width=\"6\" data-bt-override-class=\"{}\"><div class=\"bt_bb_column_content\"><div class=\"bt_bb_column_content_inner\"><div data-bb-version=\"5.1.3\" class=\"bt_bb_contact_form_7\">\n<div class=\"wpcf7 no-js\" id=\"wpcf7-f3977-o1\" lang=\"en-US\" dir=\"ltr\" data-wpcf7-id=\"3977\">\n<div class=\"screen-reader-response\"><p role=\"status\" aria-live=\"polite\" aria-atomic=\"true\"><\/p> <ul><\/ul><\/div>\n<form action=\"\/es\/wp-json\/wp\/v2\/pages\/3973#wpcf7-f3977-o1\" method=\"post\" class=\"wpcf7-form init\" aria-label=\"Contact form\" enctype=\"multipart\/form-data\" novalidate=\"novalidate\" data-status=\"init\">\n<fieldset class=\"hidden-fields-container\"><input type=\"hidden\" name=\"_wpcf7\" value=\"3977\" \/><input type=\"hidden\" name=\"_wpcf7_version\" value=\"6.1.5\" \/><input type=\"hidden\" name=\"_wpcf7_locale\" value=\"en_US\" \/><input type=\"hidden\" name=\"_wpcf7_unit_tag\" value=\"wpcf7-f3977-o1\" \/><input type=\"hidden\" name=\"_wpcf7_container_post\" value=\"0\" \/><input type=\"hidden\" name=\"_wpcf7_posted_data_hash\" value=\"\" \/><input type=\"hidden\" name=\"_wpcf7_recaptcha_response\" value=\"\" \/>\n<\/fieldset>\n<div class=\"bt_bb_cf7_form\">\n\t<div class=\"bt_bb_cf7_row\">\n\t\t<div class=\"bt_bb_cf7_element\">\n\t\t\t<p>Campos obligatorios marcados con *\n\t\t\t<\/p>\n\t\t<\/div>\n\t<\/div>\n\t<div class=\"bt_bb_cf7_row\">\n\t\t<div class=\"bt_bb_cf7_element\">\n\t\t\t<p><label><span class=\"bt_bb_required\">Nombre<\/span><br \/>\n<span class=\"wpcf7-form-control-wrap\" data-name=\"your-name\"><input size=\"40\" maxlength=\"400\" class=\"wpcf7-form-control wpcf7-text wpcf7-validates-as-required\" aria-required=\"true\" aria-invalid=\"false\" placeholder=\"\u00bfCu\u00e1l es su nombre?\" value=\"\" type=\"text\" name=\"your-name\" \/><\/span><\/label>\n\t\t\t<\/p>\n\t\t<\/div>\n\t<\/div>\n\t<div class=\"bt_bb_cf7_row\">\n\t\t<div class=\"bt_bb_cf7_element\">\n\t\t\t<p><label><span class=\"bt_bb_required\">Correo electr\u00f3nico<\/span><br \/>\n<span class=\"wpcf7-form-control-wrap\" data-name=\"your-email\"><input size=\"40\" maxlength=\"400\" class=\"wpcf7-form-control wpcf7-email wpcf7-validates-as-required wpcf7-text wpcf7-validates-as-email\" aria-required=\"true\" aria-invalid=\"false\" placeholder=\"\u00bfCu\u00e1l es su correo electr\u00f3nico?\" value=\"\" type=\"email\" name=\"your-email\" \/><\/span><\/label>\n\t\t\t<\/p>\n\t\t<\/div>\n\t<\/div>\n\t<div class=\"bt_bb_cf7_row\">\n\t\t<div class=\"bt_bb_cf7_element\">\n\t\t\t<p><label>Adjuntar CV<br \/>\n<span class=\"wpcf7-form-control-wrap\" data-name=\"your-cv\"><input size=\"40\" class=\"wpcf7-form-control wpcf7-file\" accept=\"audio\/*,video\/*,image\/*\" aria-invalid=\"false\" type=\"file\" name=\"your-cv\" \/><\/span><\/label>\n\t\t\t<\/p>\n\t\t<\/div>\n\t<\/div>\n\t<div class=\"bt_bb_cf7_row\">\n\t\t<div class=\"bt_bb_cf7_element\">\n\t\t\t<p><label><span class=\"bt_bb_required\">Mensaje<\/span><br \/>\n<span class=\"wpcf7-form-control-wrap\" data-name=\"your-message\"><textarea cols=\"40\" rows=\"6\" maxlength=\"2000\" class=\"wpcf7-form-control wpcf7-textarea\" aria-invalid=\"false\" placeholder=\"Mensaje\" name=\"your-message\"><\/textarea><\/span><\/label>\n\t\t\t<\/p>\n\t\t<\/div>\n\t<\/div>\n\t<div class=\"bt_bb_cf7_row\">\n\t\t<div class=\"bt_bb_cf7_element\">\n\t\t\t<p><label><span class=\"bt_bb_required\">\u00bfC\u00f3mo nos has conocido?<\/span><br \/>\n<span class=\"wpcf7-form-control-wrap\" data-name=\"conocido\"><select class=\"wpcf7-form-control wpcf7-select\" aria-invalid=\"false\" name=\"conocido\"><option value=\"Radio\">Radio<\/option><option value=\"Internet y redes sociales\">Internet y redes sociales<\/option><option value=\"Prensa escrita\">Prensa escrita<\/option><option value=\"Un conocido\/a\">Un conocido\/a<\/option><option value=\"Carteler\u00eda\">Carteler\u00eda<\/option><option value=\"Formaciones\">Formaciones<\/option><option value=\"Asociaciones\/entidades\">Asociaciones\/entidades<\/option><option value=\"Otras empresas\">Otras empresas<\/option><\/select><\/span><br \/>\n<\/label>\n\t\t\t<\/p>\n\t\t<\/div>\n\t<\/div>\n\t<div class=\"bt_bb_cf7_row\">\n\t\t<div class=\"bt_bb_cf7_button bt_bb_cf7_element\">\n\t\t\t<p><input class=\"wpcf7-form-control wpcf7-submit has-spinner\" type=\"submit\" value=\"Enviar\" \/>\n\t\t\t<\/p>\n\t\t<\/div>\n\t<\/div>\n<\/div><div class=\"wpcf7-response-output\" aria-hidden=\"true\"><\/div>\n<\/form>\n<\/div>\n<\/div><div  class=\"bt_bb_text\" ><\/p>\n<p>Los datos enviados a trav\u00e9s de este formulario tendr\u00e1n \u00fanica y exclusivamente la finalidad de gestionar su incidencia o consulta. El responsable de estos datos es Grup Gepork S.A.<\/p>\n<p>\n<\/div><\/div><\/div><\/div><\/div><\/div><\/div><!-- cell_inner --><\/div><!-- cell --><\/div><!-- port --><\/section>\n","protected":false},"excerpt":{"rendered":"<p>Completely synergize resource taxing relationships via premier niche markets. Professionally cultivate one-to-one customer service with robust ideas. Dynamically innovate resource-leveling customer service for state of the art customer service.<\/p>\n","protected":false},"author":8,"featured_media":0,"parent":0,"menu_order":0,"comment_status":"closed","ping_status":"closed","template":"","meta":{"footnotes":""},"class_list":["post-3973","page","type-page","status-publish","hentry"],"_links":{"self":[{"href":"https:\/\/bionet.cat\/es\/wp-json\/wp\/v2\/pages\/3973","targetHints":{"allow":["GET"]}}],"collection":[{"href":"https:\/\/bionet.cat\/es\/wp-json\/wp\/v2\/pages"}],"about":[{"href":"https:\/\/bionet.cat\/es\/wp-json\/wp\/v2\/types\/page"}],"author":[{"embeddable":true,"href":"https:\/\/bionet.cat\/es\/wp-json\/wp\/v2\/users\/8"}],"replies":[{"embeddable":true,"href":"https:\/\/bionet.cat\/es\/wp-json\/wp\/v2\/comments?post=3973"}],"version-history":[{"count":3,"href":"https:\/\/bionet.cat\/es\/wp-json\/wp\/v2\/pages\/3973\/revisions"}],"predecessor-version":[{"id":3978,"href":"https:\/\/bionet.cat\/es\/wp-json\/wp\/v2\/pages\/3973\/revisions\/3978"}],"wp:attachment":[{"href":"https:\/\/bionet.cat\/es\/wp-json\/wp\/v2\/media?parent=3973"}],"curies":[{"name":"wp","href":"https:\/\/api.w.org\/{rel}","templated":true}]}}