{"id":4002,"date":"2025-01-15T17:39:45","date_gmt":"2025-01-15T17:39:45","guid":{"rendered":"https:\/\/bionet.cat\/?page_id=4002"},"modified":"2026-02-23T11:34:41","modified_gmt":"2026-02-23T11:34:41","slug":"politica-de-privacidad","status":"publish","type":"page","link":"https:\/\/bionet.cat\/es\/politica-de-privacidad\/","title":{"rendered":"Pol\u00edtica de privacidad"},"content":{"rendered":"<section data-bb-version=\"4.7.6\" id=\"bt_bb_section69db5f55203fe\" class=\"bt_bb_section bt_bb_layout_boxed_1200\"  data-bt-override-class=\"null\"><div class=\"bt_bb_port\"><div class=\"bt_bb_cell\"><div class=\"bt_bb_cell_inner\"><div class=\"bt_bb_row \"  data-bt-override-class=\"{}\"><div class=\"bt_bb_row_holder\" style=\"; 0\"><div data-bb-version=\"4.7.6\"  class=\"bt_bb_column col-xxl-12 col-xl-12 bt_bb_vertical_align_top bt_bb_align_left bt_bb_padding_normal\" style=\"; --column-width:12;\" data-width=\"12\" data-bt-override-class=\"{}\"><div class=\"bt_bb_column_content\"><div class=\"bt_bb_column_content_inner\"><div data-bb-version=\"4.7.6\"  class=\"bt_bb_text\" ><\/p>\n<p class=\"p2\"><b>1. RESPONSABLE DEL TRATAMIENTO<\/b><\/p>\n<p class=\"p2\">La empresa responsable del tratamiento de sus datos en virtud de esta Pol\u00edtica de privacidad es:<\/p>\n<p class=\"p2\">Nombre comercial: BIONET<br \/>\nDenominaci\u00f3n social: BIONET BIODIVERSITAT S.L.<br \/>\nNIF: B26690271<br \/>\nDomicilio social: Finca el Maci\u00e0, s\/n, Les Masies de Roda (Barcelona)<br \/>\nTel\u00e9fono: 938 500 411<br \/>\nE-mail: bionet@bionet.cat<br \/>\nWeb: bionet.cat<br \/>\nInscrita en el Registro (Mercantil \/ P\u00fablico): Registro Mercantil de Barcelona, Tomo 4.339, Folio 169, Hoja n\u00ba B-45.967<\/p>\n<p>En BIONET BIODIVERSITAT S.L., en adelante, BIONET reconocemos la importancia de proteger su informaci\u00f3n personal y estamos comprometidos a tratarla con responsabilidad y de conformidad con las leyes de protecci\u00f3n de datos.<\/p>\n<p>La presente pol\u00edtica de privacidad pretende regular todos los aspectos relativos al tratamiento de datos de los diferentes usuarios que navegan o facilitan sus datos personales a trav\u00e9s de los diferentes formularios situados en la web.<\/p>\n<p><b>2. DATOS PERSONALES<\/b><\/p>\n<p>Un dato personal es la informaci\u00f3n que le identifica o le hace identificable. A trav\u00e9s de la web, en las casillas establecidas al efecto recogemos los datos personales que la persona usuaria nos comunica: nombre, apellidos, correo electr\u00f3nico, tel\u00e9fono, direcci\u00f3n postal, poblaci\u00f3n, etc., as\u00ed como todos aquellos datos que voluntariamente nos proporcione a trav\u00e9s de cualquier de las redes sociales de las cuales la persona usuaria est\u00e1 registrada. En este caso, la privacidad depender\u00e1 de la propia configuraci\u00f3n establecida por la persona usuaria, as\u00ed como de los t\u00e9rminos y condiciones de la propia red social.<\/p>\n<p>La visita de la persona usuaria a la web no implica que tenga que facilitar ninguna informaci\u00f3n sobre sus datos personales. No obstante, en caso de facilitarlos, los datos ser\u00e1n tratados de forma l\u00edcita con sujeci\u00f3n en todo momento a los principios y derechos recogidos en el RGPD 2016\/679 de 27 de abril de 2016 y la LOPDGDD 3\/2018 del 5 de diciembre.<\/p>\n<p class=\"p2\"><b>3. FINALIDAD, DURACI\u00d3N Y LEGITIMACI\u00d3N DEL TRATAMIENTO<\/b><\/p>\n<p>Los datos que la persona usuaria nos proporcione los trataremos con las siguientes finalidades:<\/p>\n<p>\u2022 Atender la solicitud o petici\u00f3n realizada por la persona usuaria a trav\u00e9s del formulario de contacto situado en la web. Recogemos y tratamos los datos personales de la persona usuaria para poder tramitar y gestionar su solicitud, una consulta o cualquier petici\u00f3n que realice a trav\u00e9s de dicho formulario. Estos datos los conservaremos durante el tiempo necesario para dar cumplimiento a su petici\u00f3n y durante el tiempo establecido por la ley con una duraci\u00f3n m\u00ednima de 3 a\u00f1os.<br \/>\nLa base de legitimaci\u00f3n del tratamiento de los datos ser\u00e1 el consentimiento que otorga la persona usuaria al seleccionar la casilla de aceptaci\u00f3n de nuestra pol\u00edtica de privacidad antes de enviar la petici\u00f3n. La persona usuaria tiene derecho a revocar su consentimiento en cualquier momento sin que ello afecte a la licitud del tratamiento basado en el consentimiento previo a su retirada.<\/p>\n<p>\u2022 Mejorar su experiencia al navegar por la web. Estos datos los conservaremos mientras la persona usuaria no revoque su consentimiento al tratamiento de los mismos eliminando las cookies y durante el tiempo establecido por la ley con una duraci\u00f3n m\u00ednima de 3 a\u00f1os.<br \/>\nLa base de legitimaci\u00f3n para mejorar su experiencia al navegar por la web es el consentimiento que otorga la persona usuaria al aceptar las cookies. La persona usuaria tiene derecho a revocar su consentimiento en cualquier momento sin que ello afecte a la licitud del tratamiento basado en el consentimiento previo a su retirada.<\/p>\n<p>\u2022 Gestionar nuestras redes sociales y enviarle informaci\u00f3n sobre nuestras actividades y productos. Estos datos los conservaremos mientras la persona usuaria no revoque su consentimiento al tratamiento de los mismos y durante el tiempo establecido por la ley con una duraci\u00f3n m\u00ednima de 3 a\u00f1os.<br \/>\nLa base leg\u00edtima para gestionar nuestras redes sociales y enviarle nuestras actividades y novedades es el consentimiento que nos otorga para ello. La persona usuaria tiene derecho a revocar su consentimiento en cualquier momento sin que ello afecte a la licitud del tratamiento basado en el consentimiento previo a su retirada.<\/p>\n<p>\u2022 Dar de alta y gestionar una cuenta como \u201cusuario\/a registrado\/a\u201d a trav\u00e9s del formulario de \u00c1rea Privada situado en la web y que permitir\u00e1 a la persona usuaria acceder a su \u00e1rea privada de servicios e informarle de nuestras actividades, pudi\u00e9ndole remitir por cualquier medio electr\u00f3nico comunicaciones comerciales de las novedades de nuestros servicios. Estos datos los conservaremos mientras la persona usuaria no solicite su baja del registro y durante el tiempo establecido por la ley con una duraci\u00f3n m\u00ednima de 3 a\u00f1os.<br \/>\nLa base de legitimaci\u00f3n del tratamiento de los datos ser\u00e1 el consentimiento que otorga la persona usuaria al registrarse a trav\u00e9s del formulario de registro y seleccionar la casilla de aceptaci\u00f3n de nuestra pol\u00edtica de privacidad antes de enviar su solicitud. La persona usuaria tiene derecho a revocar su consentimiento en cualquier momento sin que ello afecte a la licitud del tratamiento basado en el consentimiento previo a su retirada.<\/p>\n<p>\u2022 Gestionar el curr\u00edculum remitido por la persona interesada a trav\u00e9s del formulario habilitado para tal efecto e incluirlo en la base de datos de personas candidatas de la empresa. Estos datos se tratar\u00e1n durante el plazo m\u00e1ximo de un a\u00f1o, transcurrido el cual, se proceder\u00e1 al bloqueo de los datos durante el tiempo establecido legalmente, garantiz\u00e1ndole un total respeto a la confidencialidad tanto en el tratamiento como en su posterior destrucci\u00f3n.<\/p>\n<p>La base leg\u00edtima para gestionar y tratar el curr\u00edculum de la persona interesada es su consentimiento el cual manifiesta al realizar una acci\u00f3n afirmativa de env\u00edo del mismo y seleccionar la casilla de aceptaci\u00f3n de nuestra pol\u00edtica de privacidad previamente a su env\u00edo. La persona usuaria tiene derecho a revocar su consentimiento en cualquier momento sin que ello afecte a la licitud del tratamiento basado en el consentimiento previo a su retirada.<\/p>\n<p>\u2022 Gestionar\u00a0las comunicaciones presentadas a trav\u00e9s del canal de denuncias implementado por la persona responsable. Trataremos los datos personales (en caso de que la comunicaci\u00f3n no sea an\u00f3nima) y la informaci\u00f3n aportada por la persona interesada con la finalidad de gestionar y resolver la denuncia efectuada a trav\u00e9s del canal, al cual se accede a trav\u00e9s de la web.<\/p>\n<p>La base de legitimaci\u00f3n del tratamiento de los mismos es el cumplimiento de una misi\u00f3n realizada en inter\u00e9s p\u00fablico, as\u00ed como el cumplimiento de una obligaci\u00f3n legal. Los datos se conservar\u00e1n \u00fanicamente durante el tiempo imprescindible para decidir si procede o no iniciar una investigaci\u00f3n sobre los hechos denunciados. En todo caso, transcurridos tres meses desde la introducci\u00f3n de los datos, si la denuncia no ha prosperado, se podr\u00e1n conservar \u00fanicamente a efectos de dejar evidencia del sistema, de forma anonimizada. En caso de que la denuncia haya prosperado, se proceder\u00e1 a su supresi\u00f3n y bloqueo del sistema de denuncias internas, conserv\u00e1ndose durante un per\u00edodo no superior a diez a\u00f1os. Los datos podr\u00e1n seguir siendo tratados por la autoridad u \u00f3rgano competente en caso de investigaci\u00f3n de los hechos denunciados.<\/p>\n<p>\u00danicamente se comunicar\u00e1n datos a terceros cuando resulte necesario para la adopci\u00f3n de medidas disciplinarias o para la tramitaci\u00f3n de los procedimientos judiciales que, en su caso, procedan, sin perjuicio de la notificaci\u00f3n a la autoridad competente de hechos constitutivos de il\u00edcito penal o administrativo.<\/p>\n<p class=\"p2\"><b>4. CESI\u00d3N O COMUNICACI\u00d3N DE DATOS PERSONALES\u00a0<\/b><\/p>\n<p class=\"p2\">Sus datos no se comunicar\u00e1n ni ser\u00e1n cedidos a terceros, salvo que exista alguna obligaci\u00f3n legal o a aquellas empresas del grupo para fines administrativos y de gesti\u00f3n interna que actuar\u00e1n como encargados del tratamiento.<\/p>\n<p><b>5. TRANSFERENCIAS INTERNACIONALES<\/b><\/p>\n<p>En BIONET tratamos sus datos dentro del Espacio Econ\u00f3mico Europeo y, con car\u00e1cter general, contratamos prestadores de servicios ubicados tambi\u00e9n dentro del Espacio Econ\u00f3mico Europeo o en pa\u00edses que han sido declarados con un nivel adecuado de protecci\u00f3n.<\/p>\n<p>Si necesitamos utilizar proveedores de servicios que realicen tratamientos fuera del Espacio Econ\u00f3mico Europeo o en pa\u00edses que no han sido declarados con un nivel adecuado de protecci\u00f3n, nos asegurar\u00edamos de garantizar la seguridad y legitimidad del tratamiento sus datos mediante decisiones de adecuaci\u00f3n, cl\u00e1usulas tipo, normas corporativas vinculantes, excepciones o cualquier otro instrumento aprobado por la autoridad de control que ofrezca las garant\u00edas adecuadas para la realizaci\u00f3n de la transferencia internacional de datos.<\/p>\n<p class=\"p2\"><b>6. ACTUALIZACI\u00d3N DE DATOS<\/b><\/p>\n<p>Es importante que para que podamos mantener los datos personales actualizados, la persona usuaria nos informe siempre que haya habido alguna modificaci\u00f3n en ellos, en caso contrario, no respondemos de la veracidad de los mismos.<\/p>\n<p>La persona usuaria garantiza que los datos personales facilitados son veraces garantizando que toda la informaci\u00f3n facilitada corresponde con la situaci\u00f3n real, que est\u00e1 puesta al d\u00eda y es exacta, quedando obligada a comunicar cualquier modificaci\u00f3n.<\/p>\n<p class=\"p2\"><b>7. DATOS DE TERCERAS PERSONAS<\/b><\/p>\n<p class=\"p2\">Si la persona usuaria facilita datos de terceras personas para cualquier finalidad a BIONET, garantiza que ha obtenido estos datos de forma l\u00edcita, que ha informado previamente a las personas afectadas, obteniendo su consentimiento para comunicarlos y que la informaci\u00f3n facilitada es exacta y veraz.<\/p>\n<p><b>8. CAR\u00c1CTER OBLIGATORIO DE LA INFORMACI\u00d3N SOLICITADA<\/b><\/p>\n<p class=\"p2\">Todos nuestros formularios cuentan con un asterisco (*) en los datos obligatorios. Si la persona usuaria no facilita esos campos, o no marca la casilla de aceptaci\u00f3n de la pol\u00edtica de privacidad, no se permitir\u00e1 el env\u00edo de la informaci\u00f3n.<\/p>\n<p><b>9. USO DE LAS CONTRASE\u00d1AS<\/b><\/p>\n<p>Para poder acceder a su cuenta, la persona usuaria deber\u00e1 \u201cIniciar Sesi\u00f3n\u201d e incluir la direcci\u00f3n del correo electr\u00f3nico y contrase\u00f1a generada en el formulario de registro de acuerdo a las reglas de complejidad que se establezcan en cada momento en la web.<\/p>\n<p>Las personas usuarias son responsables de la adecuada custodia y confidencialidad de cualesquiera de los identificadores y\/o contrase\u00f1as que hayan seleccionado en el registro y se comprometen a no ceder su uso a terceras personas, ni permitir su acceso a personas ajenas.<\/p>\n<p>Asimismo, ser\u00e1 obligaci\u00f3n de la persona usuaria notificar de forma inmediata a la persona responsable cualquier hecho que permita el uso indebido de los identificadores y\/o contrase\u00f1as, tales como el robo, el extrav\u00edo o el acceso no autorizado a los mismos, con el fin de proceder a su inmediata cancelaci\u00f3n.<\/p>\n<p class=\"p2\"><b>10. DERECHOS DE LOS INTERESADOS<\/b><\/p>\n<p>Tiene derecho a acceder a sus datos y a obtener confirmaci\u00f3n sobre su tratamiento, as\u00ed como una copia de los datos personales objeto de tratamiento. Tiene derecho a actualizarlos y solicitar la rectificaci\u00f3n de los datos que sean inexactos o solicitar la supresi\u00f3n cuando los datos no sean necesarios para los fines para los que fueron recabados. Puede solicitar la limitaci\u00f3n en el tratamiento de sus datos y oponerse al tratamiento de los mismos revocando su consentimiento, as\u00ed como ejercer el derecho a la portabilidad de los datos. Del mismo modo, tiene derecho a no ser objeto de decisiones basadas \u00fanicamente en el tratamiento automatizado de sus datos personales. Puede ejercer sus derechos contactando con nosotros FINCA EL MACIA, S\/N \u2013 08510 MASIES DE RODA (Barcelona). E-mail: dades@bionet.cat.<\/p>\n<p>Si considera que sus derechos no se han atendido debidamente, tiene derecho a presentar una reclamaci\u00f3n ante la Autoridad de Control en www.aepd.es<\/p>\n<p><b>11. TRATAMIENTO DE DATOS DE MENORES DE EDAD<\/b><\/p>\n<p class=\"p2\">Quien facilita los datos a trav\u00e9s de los formularios de esta web y acepta su tratamiento declara ser mayor de 14 a\u00f1os, quedando prohibido el acceso y uso del portal a menores de dicha edad. Si en alg\u00fan momento, la persona responsable detecta que un menor de 14 a\u00f1os ha proporcionado datos de car\u00e1cter personal, procederemos a la cancelaci\u00f3n de los mismos. Asimismo, las madres, padres o personas tutoras podr\u00e1n en cualquier caso dirigirse a BIONET para bloquear la cuenta de acceso de los menores a su cargo que se hubieran registrado falseando su identidad.<\/p>\n<p><b>12. TRATAMIENTO DE COOKIES<\/b><\/p>\n<p>Una cookie es un peque\u00f1o archivo que se descarga y almacena en el ordenador de la persona usuaria cuando esta accede a una p\u00e1gina web. Las cookies permiten a la web, entre otras cosas, almacenar y recuperar informaci\u00f3n sobre los h\u00e1bitos de navegaci\u00f3n de la persona usuaria o de su equipo y, dependiendo de la informaci\u00f3n que contengan y de la forma en que utilice su equipo, pueden utilizarse para reconocer a la persona usuaria.<\/p>\n<p>La persona usuaria tiene la opci\u00f3n de impedir la generaci\u00f3n de cookies, mediante la selecci\u00f3n de la correspondiente opci\u00f3n en su programa de navegador. Puede obtener m\u00e1s informaci\u00f3n leyendo nuestra\u00a0<span class=\"s1\"><a href=\"https:\/\/bionet.cat\/es\/politica-de-cookies\/\">Pol\u00edtica de Cookies<\/a><\/span>.<\/p>\n<p><em>\u00daltima actualizaci\u00f3n: 15\/01\/2025<\/em><\/p>\n<p>\n<\/div><\/div><\/div><\/div><\/div><\/div><\/div><!-- cell_inner --><\/div><!-- cell --><\/div><!-- port --><\/section>\n","protected":false},"excerpt":{"rendered":"","protected":false},"author":6,"featured_media":0,"parent":0,"menu_order":0,"comment_status":"closed","ping_status":"closed","template":"","meta":{"footnotes":""},"class_list":["post-4002","page","type-page","status-publish","hentry"],"_links":{"self":[{"href":"https:\/\/bionet.cat\/es\/wp-json\/wp\/v2\/pages\/4002","targetHints":{"allow":["GET"]}}],"collection":[{"href":"https:\/\/bionet.cat\/es\/wp-json\/wp\/v2\/pages"}],"about":[{"href":"https:\/\/bionet.cat\/es\/wp-json\/wp\/v2\/types\/page"}],"author":[{"embeddable":true,"href":"https:\/\/bionet.cat\/es\/wp-json\/wp\/v2\/users\/6"}],"replies":[{"embeddable":true,"href":"https:\/\/bionet.cat\/es\/wp-json\/wp\/v2\/comments?post=4002"}],"version-history":[{"count":6,"href":"https:\/\/bionet.cat\/es\/wp-json\/wp\/v2\/pages\/4002\/revisions"}],"predecessor-version":[{"id":4136,"href":"https:\/\/bionet.cat\/es\/wp-json\/wp\/v2\/pages\/4002\/revisions\/4136"}],"wp:attachment":[{"href":"https:\/\/bionet.cat\/es\/wp-json\/wp\/v2\/media?parent=4002"}],"curies":[{"name":"wp","href":"https:\/\/api.w.org\/{rel}","templated":true}]}}