{"id":4006,"date":"2025-01-15T17:51:06","date_gmt":"2025-01-15T17:51:06","guid":{"rendered":"https:\/\/bionet.cat\/?page_id=4006"},"modified":"2026-02-23T09:55:55","modified_gmt":"2026-02-23T09:55:55","slug":"politica-de-redes-sociales","status":"publish","type":"page","link":"https:\/\/bionet.cat\/es\/politica-de-redes-sociales\/","title":{"rendered":"Pol\u00edtica de redes sociales"},"content":{"rendered":"<section data-bb-version=\"4.7.6\" id=\"bt_bb_section69ed1f3a470f9\" class=\"bt_bb_section bt_bb_layout_boxed_1200\"  data-bt-override-class=\"null\"><div class=\"bt_bb_port\"><div class=\"bt_bb_cell\"><div class=\"bt_bb_cell_inner\"><div class=\"bt_bb_row \"  data-bt-override-class=\"{}\"><div class=\"bt_bb_row_holder\" style=\"; 0\"><div data-bb-version=\"4.7.6\"  class=\"bt_bb_column col-xxl-12 col-xl-12 bt_bb_vertical_align_top bt_bb_align_left bt_bb_padding_normal\" style=\"; --column-width:12;\" data-width=\"12\" data-bt-override-class=\"{}\"><div class=\"bt_bb_column_content\"><div class=\"bt_bb_column_content_inner\"><div data-bb-version=\"4.7.6\"  class=\"bt_bb_text\" ><\/p>\n<p class=\"p2\"><b>1. INFORMACI\u00d3N A LA PERSONA USUARIA<\/b><\/p>\n<p class=\"p3\"><b>\u00bfQui\u00e9n es el responsable del tratamiento de sus datos personales?<\/b><\/p>\n<p class=\"p2\">BIONET BIODIVERSITAT S.L. (en adelante BIONET) ser\u00e1 el responsable del tratamiento de los datos personales de aquellas PERSONAS que han procedido a crear un perfil en cualquiera de sus redes sociales, y los mismos ser\u00e1n tratados de conformidad con lo dispuesto en el Reglamento (UE) 2016\/679, de 27 de abril (GDPR), la Ley Org\u00e1nica 3\/2018, de 5 de diciembre (LOPDGDD), y la Ley de Servicios de la Sociedad de la Informaci\u00f3n y Comercio Electr\u00f3nico (LSSI), facilitando la siguiente informaci\u00f3n del tratamiento:<\/p>\n<p class=\"p3\"><b>\u00bfPara qu\u00e9 tratamos sus datos personales?<\/b><\/p>\n<p class=\"p2\"><b>Finalidad del tratamiento<\/b>: para mantener una relaci\u00f3n entre la PERSONA USUARIA y\u00a0<b>BIONET<\/b>\u00a0que puede incluir las siguientes operaciones:<\/p>\n<p class=\"p4\">\u2022 Tramitar solicitudes y consultas planteadas a BIONET.<br \/>\n\u2022 Informar sobre actividades y eventos organizados por BIONET.<br \/>\n\u2022 Informar sobre productos o servicios ofrecidos por BIONET.<br \/>\n\u2022 Interactuar a trav\u00e9s de los perfiles oficiales<\/p>\n<p class=\"p2\">Cuando BIONET recopile y trate datos personales a trav\u00e9s de sus redes sociales, las personas usuarias ser\u00e1n informadas sobre la finalidad de la recopilaci\u00f3n de datos, as\u00ed como sobre sus derechos en relaci\u00f3n a sus datos personales. Los datos personales se utilizar\u00e1n \u00fanicamente para los fines indicados y se mantendr\u00e1n de manera segura.<\/p>\n<p class=\"p2\"><b>Base Jur\u00eddica del Tratamiento:<\/b>el consentimiento expl\u00edcito otorgado por la persona usuaria para el tratamiento de sus datos personales para uno o varios fines espec\u00edficos (art\u00edculo 6.1.a GDPR).<\/p>\n<p class=\"p2\">Por otro lado, la persona usuaria puede acceder en todo momento a las pol\u00edticas de privacidad de la propia red social, as\u00ed como configurar su perfil para garantizar su privacidad.<\/p>\n<p class=\"p3\"><b>\u00bfDurante cu\u00e1nto tiempo guardaremos sus datos personales?<\/b><\/p>\n<p class=\"p2\"><b>Criterios de conservaci\u00f3n de los datos:\u00a0<\/b>se conservar\u00e1n mientras la persona usuaria no revoque el consentimiento prestado tal y como se indica en esta pol\u00edtica de privacidad.<\/p>\n<p class=\"p3\"><b>\u00bfA qui\u00e9n facilitamos sus datos personales?<\/b><\/p>\n<p class=\"p2\"><b>Comunicaci\u00f3n de los datos:<\/b>\u00a0la informaci\u00f3n facilitada por la persona usuaria a trav\u00e9s de las redes sociales del responsable, incluidos sus datos personales, puede ser publicada, siempre en funci\u00f3n de los servicios que la persona usuaria utilice, por lo que podr\u00e1 quedar a disposici\u00f3n p\u00fablica de otros terceros usuarios de las redes sociales. Desde el perfil de cada red social, la persona usuaria puede configurar qu\u00e9 informaci\u00f3n quiere hacer p\u00fablica en cada caso, ver los permisos que se han concedido, eliminarlos o desactivarlos, como cualquier aplicaci\u00f3n de un tercero que ya no se desea utilizar.<\/p>\n<p class=\"p2\">No obstante, no est\u00e1 prevista ninguna comunicaci\u00f3n de datos personales a terceras personas fuera de la red social salvo, si fuese imprescindible para el desarrollo y ejecuci\u00f3n de las finalidades del tratamiento, a nuestros proveedores de servicios relacionados con comunicaciones, con los cuales BIONET tiene suscritos los contratos de confidencialidad y de encargado de tratamiento exigidos por la normativa vigente de privacidad.<\/p>\n<p class=\"p6\"><b>\u00bfCu\u00e1les son sus derechos?<\/b><\/p>\n<p class=\"p2\">Derechos que asisten a la persona usuaria: solo podr\u00e1n satisfacerse en relaci\u00f3n a aquella informaci\u00f3n que se encuentre bajo el control de BIONET.<\/p>\n<p class=\"p2\">\u2022 Derecho a retirar el consentimiento en cualquier momento.<br \/>\n\u2022 Derecho de acceso, rectificaci\u00f3n, portabilidad y supresi\u00f3n de sus datos, y de limitaci\u00f3n u oposici\u00f3n a su tratamiento.<br \/>\n\u2022 Derecho a presentar una reclamaci\u00f3n ante la autoridad de control (www.aepd.es) si considera que el tratamiento no se ajusta a la normativa vigente.<\/p>\n<p class=\"p2\"><b>Datos de contacto para ejercer sus derechos<\/b>:<\/p>\n<p class=\"p2\">BIONET \u2013 FINCA EL MACIA, S\/N \u2013 08510 MASIES DE RODA (Barcelona). E-mail: bionet@bionet.cat<\/p>\n<p class=\"p2\">La pol\u00edtica de privacidad completa se encuentra disponible en www.bionet.cat<\/p>\n<p class=\"p2\"><b>2. UTILIZACI\u00d3N DEL PERFIL<\/b><\/p>\n<p class=\"p2\">BIONET realizar\u00e1 las siguientes actuaciones:<\/p>\n<p class=\"p2\">\u2022 Acceso a la informaci\u00f3n p\u00fablica del perfil.<br \/>\n\u2022 Publicaci\u00f3n en el perfil de la persona usuaria de toda aquella informaci\u00f3n ya publicada en la red social de BIONET.<br \/>\n\u2022 Enviar mensajes personales e individuales a trav\u00e9s de los canales de la red social.<br \/>\n\u2022 Actualizaciones del estado de la p\u00e1gina que se publicar\u00e1n en el perfil de la persona usuaria.<\/p>\n<p class=\"p2\">La persona usuaria siempre puede controlar sus conexiones, eliminar los contenidos que dejen de interesarle y restringir con qui\u00e9n comparte sus conexiones; para ello deber\u00e1 acceder a su configuraci\u00f3n donde encontrar\u00e1 diferentes posibilidades de configuraci\u00f3n en relaci\u00f3n al grado de privacidad del perfil de usuario en la red social.<\/p>\n<p class=\"p2\"><b>3. PUBLICACIONES<\/b><\/p>\n<p class=\"p2\">El objeto de las redes sociales, es dar visibilidad y difusi\u00f3n a las actividades que desarrolla BIONET. Estas herramientas almacenan datos personales en los servidores de los servicios respectivos y se rigen por su propia pol\u00edtica de privacidad.<\/p>\n<p class=\"p2\">La persona usuaria, una vez sea seguidora o se haya unido a la red social del BIONET, podr\u00e1 publicar en la misma, comentarios, enlaces, im\u00e1genes, fotograf\u00edas o cualquier otro tipo de contenido multimedia soportado por la misma. La persona usuaria en todos los casos, debe ser la titular del contenido publicado, gozar de los derechos de autor y de propiedad intelectual o contar con el consentimiento de los terceros afectados.<\/p>\n<p class=\"p2\">Se proh\u00edbe expresamente cualquier publicaci\u00f3n en la red social, ya sean textos, gr\u00e1ficos, fotograf\u00edas, v\u00eddeos, etc. que atenten o sean susceptibles de atentar contra la moral, la \u00e9tica, el buen gusto o el decoro, y\/o que infrinjan, violen o quebranten los derechos de propiedad intelectual o industrial, el derecho a la imagen o la Ley. No se tolerar\u00e1n comentarios o contenido ofensivo, difamatorio, ilegal o inapropiado en los perfiles de la empresa. BIONET, se reserva el derecho de eliminar dichos comentarios o contenido y bloquear a los usuarios responsables.<\/p>\n<p class=\"p2\">En estos casos, BIONET se reserva el derecho a retirar de inmediato el contenido, sin comunicaci\u00f3n previa, pudiendo solicitar el bloqueo permanente de la persona usuaria.<\/p>\n<p class=\"p2\">BIONET no se har\u00e1 responsable de los contenidos que libremente ha publicado la persona usuaria.<\/p>\n<p class=\"p2\">La persona usuaria debe tener presente que sus publicaciones ser\u00e1n conocidas por otras personas usuarias, por lo que esta misma es la principal responsable de su privacidad.<\/p>\n<p class=\"p2\">Las im\u00e1genes que puedan publicarse en la red social no ser\u00e1n almacenadas en ning\u00fan fichero por parte de BIONET, pero s\u00ed que permanecer\u00e1n en la red social.<\/p>\n<p class=\"p2\"><b>4. DATOS DE MENORES DE EDAD O PERSONAS CON CAPACIDADES ESPECIALES<\/b><\/p>\n<p class=\"p7\">Se recomienda la revisi\u00f3n y la lectura de las condiciones de uso y pol\u00edtica de privacidad de cada red social en el momento de registro, teniendo en cuenta los diferentes requisitos de edad para la realizaci\u00f3n del mismo.<\/p>\n<p class=\"p2\">Asimismo, BIONET, quedar\u00e1 expresamente exonerado de cualquier responsabilidad que pudiera derivarse del uso de las redes sociales por parte de menores o personas con capacidades especiales y cuyo acceso deber\u00eda realizarse bajo la supervisi\u00f3n y control de sus representantes legales.<\/p>\n<p class=\"p2\">BIONET se reserva el derecho de modificar esta pol\u00edtica en cualquier momento. Los cambios ser\u00e1n comunicados a trav\u00e9s de nuestros perfiles de redes sociales y\/o nuestro sitio web.<\/p>\n<p><em>\u00daltima actualizaci\u00f3n: 15\/01\/2025<\/em><\/p>\n<p>\n<\/div><\/div><\/div><\/div><\/div><\/div><\/div><!-- cell_inner --><\/div><!-- cell --><\/div><!-- port --><\/section>\n","protected":false},"excerpt":{"rendered":"","protected":false},"author":6,"featured_media":0,"parent":0,"menu_order":0,"comment_status":"closed","ping_status":"closed","template":"","meta":{"footnotes":""},"class_list":["post-4006","page","type-page","status-publish","hentry"],"_links":{"self":[{"href":"https:\/\/bionet.cat\/es\/wp-json\/wp\/v2\/pages\/4006","targetHints":{"allow":["GET"]}}],"collection":[{"href":"https:\/\/bionet.cat\/es\/wp-json\/wp\/v2\/pages"}],"about":[{"href":"https:\/\/bionet.cat\/es\/wp-json\/wp\/v2\/types\/page"}],"author":[{"embeddable":true,"href":"https:\/\/bionet.cat\/es\/wp-json\/wp\/v2\/users\/6"}],"replies":[{"embeddable":true,"href":"https:\/\/bionet.cat\/es\/wp-json\/wp\/v2\/comments?post=4006"}],"version-history":[{"count":2,"href":"https:\/\/bionet.cat\/es\/wp-json\/wp\/v2\/pages\/4006\/revisions"}],"predecessor-version":[{"id":4128,"href":"https:\/\/bionet.cat\/es\/wp-json\/wp\/v2\/pages\/4006\/revisions\/4128"}],"wp:attachment":[{"href":"https:\/\/bionet.cat\/es\/wp-json\/wp\/v2\/media?parent=4006"}],"curies":[{"name":"wp","href":"https:\/\/api.w.org\/{rel}","templated":true}]}}